{"id":1884,"date":"2025-08-04T22:58:23","date_gmt":"2025-08-05T02:58:23","guid":{"rendered":"https:\/\/easyum.com\/fr\/?post_type=product&#038;p=1884"},"modified":"2025-08-04T23:43:54","modified_gmt":"2025-08-05T03:43:54","slug":"atelier-safe-bo","status":"publish","type":"product","link":"https:\/\/easyum.com\/fr\/produit\/atelier-safe-bo\/","title":{"rendered":"Atelier micro-credential SAFe BO"},"content":{"rendered":"<p>Atelier <a href=\"https:\/\/easyum.com\/fr\/formation\/micro-credential-safe-bo-proprietaire-metier-affaires\/\"><em>micro-credential SAFe\u00ae Business Owner<\/em><\/a> facilit\u00e9 par un conseiller SAFe SPC.<\/p>\n<p>Le prix unitaire correspond \u00e0 l&rsquo;inscription d&rsquo;un participant pour un total de 8 heures d&rsquo;atelier.<br \/>\nLa formation a lieu en petit groupe, au minimum trois participants, au maximum neuf participants.<\/p>\n<p>Nous conviendrons avec vous des dates d\u2019atelier, soit deux demi-journ\u00e9es, soit quatre blocs de deux heures.<\/p>\n<p>Le prix exclut d&rsquo;\u00e9ventuels frais de transport, de logement et de subsistance.<br \/>\nNotez que nos prestations pourraient avoir lieu \u00e0 distance ou sur place, selon la disponibilit\u00e9 de nos coachs dans votre r\u00e9gion.<\/p>\n","protected":false},"excerpt":{"rendered":"<p>Atelier micro-credential SAFe\u00ae Business Owner facilit\u00e9 par un conseiller SAFe SPC. Le prix unitaire correspond \u00e0 l&rsquo;inscription d&rsquo;un participant pour un total de 8 heures d&rsquo;atelier. La formation a lieu en petit groupe, au minimum trois participants, au maximum neuf participants. Nous conviendrons avec vous des dates d\u2019atelier, soit deux demi-journ\u00e9es, soit quatre blocs de &hellip; <\/p>\n<p class=\"link-more\"><a href=\"https:\/\/easyum.com\/fr\/produit\/atelier-safe-bo\/\" class=\"more-link\">Continuer la lecture<span class=\"screen-reader-text\"> de &laquo;&nbsp;Atelier micro-credential SAFe BO&nbsp;&raquo;<\/span><\/a><\/p>\n","protected":false},"featured_media":1782,"template":"","meta":[],"product_brand":[],"product_cat":[147,142],"product_tag":[],"class_list":{"0":"post-1884","1":"product","2":"type-product","3":"status-publish","4":"has-post-thumbnail","6":"product_cat-entreprise","7":"product_cat-formation-privee","9":"first","10":"instock","11":"virtual","12":"taxable","13":"purchasable","14":"product-type-simple"},"_links":{"self":[{"href":"https:\/\/easyum.com\/fr\/wp-json\/wp\/v2\/product\/1884","targetHints":{"allow":["GET"]}}],"collection":[{"href":"https:\/\/easyum.com\/fr\/wp-json\/wp\/v2\/product"}],"about":[{"href":"https:\/\/easyum.com\/fr\/wp-json\/wp\/v2\/types\/product"}],"wp:featuredmedia":[{"embeddable":true,"href":"https:\/\/easyum.com\/fr\/wp-json\/wp\/v2\/media\/1782"}],"wp:attachment":[{"href":"https:\/\/easyum.com\/fr\/wp-json\/wp\/v2\/media?parent=1884"}],"wp:term":[{"taxonomy":"product_brand","embeddable":true,"href":"https:\/\/easyum.com\/fr\/wp-json\/wp\/v2\/product_brand?post=1884"},{"taxonomy":"product_cat","embeddable":true,"href":"https:\/\/easyum.com\/fr\/wp-json\/wp\/v2\/product_cat?post=1884"},{"taxonomy":"product_tag","embeddable":true,"href":"https:\/\/easyum.com\/fr\/wp-json\/wp\/v2\/product_tag?post=1884"}],"curies":[{"name":"wp","href":"https:\/\/api.w.org\/{rel}","templated":true}]}}