{"id":802,"date":"2022-08-21T21:50:43","date_gmt":"2022-08-21T21:50:43","guid":{"rendered":"https:\/\/www.easyum.com\/?page_id=802"},"modified":"2025-05-29T10:23:38","modified_gmt":"2025-05-29T14:23:38","slug":"a-propos","status":"publish","type":"page","link":"https:\/\/easyum.com\/fr\/a-propos\/","title":{"rendered":"\u00c0 propos"},"content":{"rendered":"\n<div class=\"wp-block-columns is-layout-flex wp-container-core-columns-is-layout-9d6595d7 wp-block-columns-is-layout-flex\">\n<div class=\"wp-block-column is-layout-flow wp-block-column-is-layout-flow\" style=\"flex-basis:33.33%\">\n<h2 class=\"wp-block-heading has-large-font-size\">Notre mission<\/h2>\n<\/div>\n\n\n\n<div class=\"wp-block-column is-layout-flow wp-block-column-is-layout-flow\" style=\"flex-basis:66.66%\">\n<blockquote class=\"wp-block-quote is-style-plain is-layout-flow wp-block-quote-is-layout-flow\">\n<p>Vous fournir conseils et services pour faciliter vos initiatives de transformation.<\/p>\n<\/blockquote>\n<\/div>\n<\/div>\n\n\n\n<p>Depuis 2005, Easyum <a href=\"https:\/\/easyum.com\/fr\/conseil\/\" data-type=\"page\" data-id=\"1468\">accompagne vos \u00e9quipes<\/a> dans leurs transformations, <a href=\"https:\/\/easyum.com\/fr\/facilitation\/\" data-type=\"page\" data-id=\"1481\">facilite vos ateliers<\/a> collaboratifs, et <a href=\"https:\/\/easyum.com\/fr\/formation-safe\/\" data-type=\"page\" data-id=\"425\">donne des formations<\/a> certifiantes \u00e0 vos talents.<\/p>\n\n\n\n<h2 class=\"wp-block-heading has-large-font-size\">Conseillers et formateurs d&rsquo;exp\u00e9rience<\/h2>\n\n\n\n<div style=\"height:67px\" aria-hidden=\"true\" class=\"wp-block-spacer\"><\/div>\n\n\n\n<div class=\"wp-block-columns is-layout-flex wp-container-core-columns-is-layout-9d6595d7 wp-block-columns-is-layout-flex\">\n<div class=\"wp-block-column is-layout-flow wp-block-column-is-layout-flow\"><div class=\"wp-block-image\">\n<figure class=\"aligncenter size-full\"><img loading=\"lazy\" decoding=\"async\" width=\"124\" height=\"124\" src=\"https:\/\/easyum.com\/fr\/wp-content\/uploads\/2022\/08\/image.png\" alt=\"\" class=\"wp-image-816\" srcset=\"https:\/\/easyum.com\/fr\/wp-content\/uploads\/2022\/08\/image.png 124w, https:\/\/easyum.com\/fr\/wp-content\/uploads\/2022\/08\/image-100x100.png 100w\" sizes=\"auto, (max-width: 124px) 100vw, 124px\" \/><\/figure>\n<\/div>\n\n\n<p class=\"has-medium-font-size\">S\u00e9bastien Poher<\/p>\n\n\n\n<ul class=\"wp-block-list\">\n<li>Coach et agent de changement<\/li>\n\n\n\n<li>20+ ann\u00e9es en TI &amp; Transformation d\u2019affaires au sein de grandes organisations<\/li>\n\n\n\n<li>SAFe\u00ae SPC certifi\u00e9, MBA<\/li>\n<\/ul>\n<\/div>\n\n\n\n<div class=\"wp-block-column is-layout-flow wp-block-column-is-layout-flow\"><div class=\"wp-block-image is-style-rounded\">\n<figure class=\"aligncenter size-full is-resized\"><img loading=\"lazy\" decoding=\"async\" width=\"796\" height=\"796\" src=\"https:\/\/easyum.com\/fr\/wp-content\/uploads\/2023\/01\/Marie-Christine-Turcotte-edited.jpg\" alt=\"\" class=\"wp-image-1115\" style=\"width:124px;height:124px\" srcset=\"https:\/\/easyum.com\/fr\/wp-content\/uploads\/2023\/01\/Marie-Christine-Turcotte-edited.jpg 796w, https:\/\/easyum.com\/fr\/wp-content\/uploads\/2023\/01\/Marie-Christine-Turcotte-edited-250x250.jpg 250w, https:\/\/easyum.com\/fr\/wp-content\/uploads\/2023\/01\/Marie-Christine-Turcotte-edited-100x100.jpg 100w, https:\/\/easyum.com\/fr\/wp-content\/uploads\/2023\/01\/Marie-Christine-Turcotte-edited-350x350.jpg 350w, https:\/\/easyum.com\/fr\/wp-content\/uploads\/2023\/01\/Marie-Christine-Turcotte-edited-300x300.jpg 300w, https:\/\/easyum.com\/fr\/wp-content\/uploads\/2023\/01\/Marie-Christine-Turcotte-edited-150x150.jpg 150w, https:\/\/easyum.com\/fr\/wp-content\/uploads\/2023\/01\/Marie-Christine-Turcotte-edited-768x768.jpg 768w\" sizes=\"auto, (max-width: 706px) 89vw, (max-width: 767px) 82vw, 740px\" \/><\/figure>\n<\/div>\n\n\n<p class=\"has-medium-font-size\">Marie-Christine Turcotte<\/p>\n\n\n\n<ul class=\"wp-block-list\">\n<li>RTE, Scrum Master senior<\/li>\n\n\n\n<li>10+ ann\u00e9es en TI et Exp\u00e9rience Client<\/li>\n\n\n\n<li>SAFe\u00ae SPC certifi\u00e9e<\/li>\n<\/ul>\n<\/div>\n\n\n\n<div class=\"wp-block-column is-layout-flow wp-block-column-is-layout-flow\"><div class=\"wp-block-image is-style-rounded\">\n<figure class=\"aligncenter size-full is-resized\"><img loading=\"lazy\" decoding=\"async\" width=\"1254\" height=\"1254\" src=\"https:\/\/easyum.com\/fr\/wp-content\/uploads\/2025\/04\/Pawel-edited.png\" alt=\"\" class=\"wp-image-1741\" style=\"width:124px;height:124px\" srcset=\"https:\/\/easyum.com\/fr\/wp-content\/uploads\/2025\/04\/Pawel-edited.png 1254w, https:\/\/easyum.com\/fr\/wp-content\/uploads\/2025\/04\/Pawel-edited-300x300.png 300w, https:\/\/easyum.com\/fr\/wp-content\/uploads\/2025\/04\/Pawel-edited-1024x1024.png 1024w, https:\/\/easyum.com\/fr\/wp-content\/uploads\/2025\/04\/Pawel-edited-150x150.png 150w, https:\/\/easyum.com\/fr\/wp-content\/uploads\/2025\/04\/Pawel-edited-768x768.png 768w, https:\/\/easyum.com\/fr\/wp-content\/uploads\/2025\/04\/Pawel-edited-100x100.png 100w, https:\/\/easyum.com\/fr\/wp-content\/uploads\/2025\/04\/Pawel-edited-250x250.png 250w, https:\/\/easyum.com\/fr\/wp-content\/uploads\/2025\/04\/Pawel-edited-350x350.png 350w\" sizes=\"auto, (max-width: 706px) 89vw, (max-width: 767px) 82vw, 740px\" \/><\/figure>\n<\/div>\n\n\n<p class=\"has-medium-font-size\">Pawel Mysliwiec<\/p>\n\n\n\n<ul class=\"wp-block-list\">\n<li>Coach et formateur<\/li>\n\n\n\n<li>20+ ann\u00e9es en D\u00e9veloppement Produit, et coaching d&rsquo;\u00e9quipes Lean &#8211; Agile<\/li>\n\n\n\n<li>SAFe\u00ae SPC certifi\u00e9, Formateur officiel Scrum.org (PST), ProKanban.org (PKT), MSc informatique<\/li>\n<\/ul>\n<\/div>\n<\/div>\n\n\n\n<div class=\"wp-block-columns is-layout-flex wp-container-core-columns-is-layout-9d6595d7 wp-block-columns-is-layout-flex\">\n<div class=\"wp-block-column is-layout-flow wp-block-column-is-layout-flow\"><div class=\"wp-block-image\">\n<figure class=\"aligncenter size-full\"><img loading=\"lazy\" decoding=\"async\" width=\"123\" height=\"124\" src=\"https:\/\/easyum.com\/fr\/wp-content\/uploads\/2022\/08\/image-1.png\" alt=\"\" class=\"wp-image-818\" srcset=\"https:\/\/easyum.com\/fr\/wp-content\/uploads\/2022\/08\/image-1.png 123w, https:\/\/easyum.com\/fr\/wp-content\/uploads\/2022\/08\/image-1-100x100.png 100w\" sizes=\"auto, (max-width: 123px) 100vw, 123px\" \/><\/figure>\n<\/div>\n\n\n<p class=\"has-text-align-left has-medium-font-size\">Delphine Charillon<\/p>\n\n\n\n<ul class=\"wp-block-list\">\n<li>D\u00e9veloppement des affaires et Marketing<\/li>\n\n\n\n<li>SAFe\u00ae SSM certifi\u00e9e<\/li>\n\n\n\n<li>BA Communications<\/li>\n<\/ul>\n<\/div>\n\n\n\n<div class=\"wp-block-column is-layout-flow wp-block-column-is-layout-flow\"><div class=\"wp-block-image is-style-rounded\">\n<figure class=\"aligncenter size-full is-resized\"><img loading=\"lazy\" decoding=\"async\" width=\"2337\" height=\"2365\" src=\"https:\/\/easyum.com\/fr\/wp-content\/uploads\/2023\/01\/Leonie-Roy-Archambault-1.jpg\" alt=\"\" class=\"wp-image-1103\" style=\"width:124px;height:124px\" srcset=\"https:\/\/easyum.com\/fr\/wp-content\/uploads\/2023\/01\/Leonie-Roy-Archambault-1.jpg 2337w, https:\/\/easyum.com\/fr\/wp-content\/uploads\/2023\/01\/Leonie-Roy-Archambault-1-100x100.jpg 100w, https:\/\/easyum.com\/fr\/wp-content\/uploads\/2023\/01\/Leonie-Roy-Archambault-1-350x354.jpg 350w, https:\/\/easyum.com\/fr\/wp-content\/uploads\/2023\/01\/Leonie-Roy-Archambault-1-296x300.jpg 296w, https:\/\/easyum.com\/fr\/wp-content\/uploads\/2023\/01\/Leonie-Roy-Archambault-1-1012x1024.jpg 1012w, https:\/\/easyum.com\/fr\/wp-content\/uploads\/2023\/01\/Leonie-Roy-Archambault-1-768x777.jpg 768w, https:\/\/easyum.com\/fr\/wp-content\/uploads\/2023\/01\/Leonie-Roy-Archambault-1-1518x1536.jpg 1518w, https:\/\/easyum.com\/fr\/wp-content\/uploads\/2023\/01\/Leonie-Roy-Archambault-1-2024x2048.jpg 2024w\" sizes=\"auto, (max-width: 706px) 89vw, (max-width: 767px) 82vw, 740px\" \/><\/figure>\n<\/div>\n\n\n<p class=\"has-medium-font-size\">L\u00e9onie Roy-Archambault<\/p>\n\n\n\n<ul class=\"wp-block-list\">\n<li>SAFe\u00ae RTE et Product Owner<\/li>\n\n\n\n<li>10+ ann\u00e9es en TI et Exp\u00e9rience Client dans le domaine financier<\/li>\n\n\n\n<li>Charg\u00e9e de cours en Leadership Agile<\/li>\n<\/ul>\n<\/div>\n<\/div>\n\n\n\n<div style=\"height:93px\" aria-hidden=\"true\" class=\"wp-block-spacer\"><\/div>\n\n\n\n<div class=\"wp-block-columns is-layout-flex wp-container-core-columns-is-layout-9d6595d7 wp-block-columns-is-layout-flex\">\n<div class=\"wp-block-column is-layout-flow wp-block-column-is-layout-flow\" style=\"flex-basis:33.33%\">\n<h2 class=\"wp-block-heading has-large-font-size\">Les valeurs qui nous animent<\/h2>\n<\/div>\n\n\n\n<div class=\"wp-block-column is-layout-flow wp-block-column-is-layout-flow\" style=\"flex-basis:66.66%\">\n<ul class=\"wp-block-list\">\n<li>Confiance<\/li>\n\n\n\n<li>Collaboration<\/li>\n\n\n\n<li>Responsabilit\u00e9<\/li>\n\n\n\n<li>Adaptation rapide<\/li>\n\n\n\n<li>R\u00e9ussite<\/li>\n\n\n\n<li>Plaisir<\/li>\n<\/ul>\n<\/div>\n<\/div>\n\n\n\n<div style=\"height:17px\" aria-hidden=\"true\" class=\"wp-block-spacer\"><\/div>\n\n\n\n<div class=\"wp-block-columns is-layout-flex wp-container-core-columns-is-layout-9d6595d7 wp-block-columns-is-layout-flex\">\n<div class=\"wp-block-column is-layout-flow wp-block-column-is-layout-flow\" style=\"flex-basis:66.66%\">\n<h3 class=\"wp-block-heading has-medium-font-size\">Des partenaires pour vous offrir une gamme de services et de solutions compl\u00e9mentaires<\/h3>\n<\/div>\n\n\n\n<div class=\"wp-block-column is-layout-flow wp-block-column-is-layout-flow\" style=\"flex-basis:33.33%\">\n<div class=\"wp-block-cb-carousel cb-single-slide\" data-slick=\"{&quot;slidesToShow&quot;:1,&quot;slidesToScroll&quot;:1,&quot;speed&quot;:300,&quot;arrows&quot;:false,&quot;dots&quot;:false,&quot;autoplay&quot;:true,&quot;autoplaySpeed&quot;:3000,&quot;infinite&quot;:true,&quot;responsive&quot;:[{&quot;breakpoint&quot;:769,&quot;settings&quot;:{&quot;slidesToShow&quot;:1,&quot;slidesToScroll&quot;:1}}]}\">\n<div class=\"wp-block-cb-slide\">\n<figure class=\"wp-block-image size-full is-resized\"><img loading=\"lazy\" decoding=\"async\" width=\"624\" height=\"216\" src=\"https:\/\/easyum.com\/fr\/wp-content\/uploads\/2025\/04\/logo-elapse-color.png\" alt=\"\" class=\"wp-image-1623\" style=\"width:165px;height:auto\" srcset=\"https:\/\/easyum.com\/fr\/wp-content\/uploads\/2025\/04\/logo-elapse-color.png 624w, https:\/\/easyum.com\/fr\/wp-content\/uploads\/2025\/04\/logo-elapse-color-300x104.png 300w, https:\/\/easyum.com\/fr\/wp-content\/uploads\/2025\/04\/logo-elapse-color-350x121.png 350w\" sizes=\"auto, (max-width: 624px) 100vw, 624px\" \/><\/figure>\n<\/div>\n\n\n\n<div class=\"wp-block-cb-slide\">\n<figure class=\"wp-block-image size-full is-resized\"><img loading=\"lazy\" decoding=\"async\" width=\"397\" height=\"221\" src=\"https:\/\/easyum.com\/fr\/wp-content\/uploads\/2025\/04\/Comparative-Agility.png\" alt=\"\" class=\"wp-image-1548\" style=\"width:124px;height:auto\" srcset=\"https:\/\/easyum.com\/fr\/wp-content\/uploads\/2025\/04\/Comparative-Agility.png 397w, https:\/\/easyum.com\/fr\/wp-content\/uploads\/2025\/04\/Comparative-Agility-300x167.png 300w, https:\/\/easyum.com\/fr\/wp-content\/uploads\/2025\/04\/Comparative-Agility-350x195.png 350w\" sizes=\"auto, (max-width: 397px) 100vw, 397px\" \/><\/figure>\n<\/div>\n\n\n\n<div class=\"wp-block-cb-slide\">\n<figure class=\"wp-block-image size-full is-resized\"><img loading=\"lazy\" decoding=\"async\" width=\"310\" height=\"56\" src=\"https:\/\/easyum.com\/fr\/wp-content\/uploads\/2025\/04\/cwx_logo-horizontal_rgb.png\" alt=\"\" class=\"wp-image-1550\" style=\"width:277px;height:auto\" srcset=\"https:\/\/easyum.com\/fr\/wp-content\/uploads\/2025\/04\/cwx_logo-horizontal_rgb.png 310w, https:\/\/easyum.com\/fr\/wp-content\/uploads\/2025\/04\/cwx_logo-horizontal_rgb-300x54.png 300w\" sizes=\"auto, (max-width: 310px) 100vw, 310px\" \/><\/figure>\n<\/div>\n\n\n\n<div class=\"wp-block-cb-slide\">\n<figure class=\"wp-block-image size-full is-resized\"><img loading=\"lazy\" decoding=\"async\" width=\"189\" height=\"71\" src=\"https:\/\/easyum.com\/fr\/wp-content\/uploads\/2025\/04\/Sfe.png\" alt=\"\" class=\"wp-image-1629\" style=\"width:165px;height:auto\"\/><\/figure>\n<\/div>\n\n\n\n<div class=\"wp-block-cb-slide\">\n<figure class=\"wp-block-image size-full is-resized\"><img loading=\"lazy\" decoding=\"async\" width=\"958\" height=\"245\" src=\"https:\/\/easyum.com\/fr\/wp-content\/uploads\/2025\/04\/seibert_logo.png\" alt=\"\" class=\"wp-image-1636\" style=\"width:172px;height:auto\" srcset=\"https:\/\/easyum.com\/fr\/wp-content\/uploads\/2025\/04\/seibert_logo.png 958w, https:\/\/easyum.com\/fr\/wp-content\/uploads\/2025\/04\/seibert_logo-300x77.png 300w, https:\/\/easyum.com\/fr\/wp-content\/uploads\/2025\/04\/seibert_logo-768x196.png 768w, https:\/\/easyum.com\/fr\/wp-content\/uploads\/2025\/04\/seibert_logo-350x90.png 350w\" sizes=\"auto, (max-width: 706px) 89vw, (max-width: 767px) 82vw, 740px\" \/><\/figure>\n<\/div>\n\n\n\n<div class=\"wp-block-cb-slide\">\n<figure class=\"wp-block-image size-full\"><img loading=\"lazy\" decoding=\"async\" width=\"189\" height=\"71\" src=\"https:\/\/easyum.com\/fr\/wp-content\/uploads\/2025\/04\/piplanningio.png\" alt=\"\" class=\"wp-image-1641\"\/><\/figure>\n<\/div>\n\n\n\n<div class=\"wp-block-cb-slide\">\n<figure class=\"wp-block-image size-full is-resized\"><img loading=\"lazy\" decoding=\"async\" width=\"163\" height=\"116\" src=\"https:\/\/easyum.com\/fr\/wp-content\/uploads\/2025\/04\/ETSFormation.png\" alt=\"\" class=\"wp-image-1648\" style=\"width:97px;height:auto\"\/><\/figure>\n<\/div>\n<\/div>\n<\/div>\n<\/div>\n\n\n\n<h2 class=\"wp-block-heading has-large-font-size\">Nos services<\/h2>\n\n\n\n<div class=\"wp-block-columns are-vertically-aligned-top is-layout-flex wp-container-core-columns-is-layout-9d6595d7 wp-block-columns-is-layout-flex\">\n<div class=\"wp-block-column is-layout-flow wp-block-column-is-layout-flow\">\n<div class=\"wp-block-group\"><div class=\"wp-block-group__inner-container is-layout-flow wp-block-group-is-layout-flow\"><div class=\"wp-block-image is-style-default\">\n<figure class=\"aligncenter size-large\"><a href=\"https:\/\/easyum.com\/fr\/conseil\/\"><img loading=\"lazy\" decoding=\"async\" width=\"1024\" height=\"613\" src=\"https:\/\/easyum.com\/fr\/wp-content\/uploads\/2025\/04\/cropped-image-popm-1024x613.jpg\" alt=\"\" class=\"wp-image-1449\" srcset=\"https:\/\/easyum.com\/fr\/wp-content\/uploads\/2025\/04\/cropped-image-popm-1024x613.jpg 1024w, https:\/\/easyum.com\/fr\/wp-content\/uploads\/2025\/04\/cropped-image-popm-300x180.jpg 300w, https:\/\/easyum.com\/fr\/wp-content\/uploads\/2025\/04\/cropped-image-popm-768x460.jpg 768w, https:\/\/easyum.com\/fr\/wp-content\/uploads\/2025\/04\/cropped-image-popm-1536x920.jpg 1536w, https:\/\/easyum.com\/fr\/wp-content\/uploads\/2025\/04\/cropped-image-popm-350x210.jpg 350w, https:\/\/easyum.com\/fr\/wp-content\/uploads\/2025\/04\/cropped-image-popm.jpg 2000w\" sizes=\"auto, (max-width: 706px) 89vw, (max-width: 767px) 82vw, 740px\" \/><\/a><\/figure>\n<\/div>\n\n\n<h2 class=\"wp-block-heading has-text-align-left has-black-color has-text-color\" style=\"font-size:30px\">Conseil<\/h2>\n\n\n\n<p class=\"has-text-align-left\"><a href=\"https:\/\/easyum.com\/fr\/conseil\/\" data-type=\"page\" data-id=\"1468\">Voir nos services conseil \u2192<\/a><\/p>\n<\/div><\/div>\n<\/div>\n\n\n\n<div class=\"wp-block-column is-layout-flow wp-block-column-is-layout-flow\">\n<div class=\"wp-block-group\"><div class=\"wp-block-group__inner-container is-layout-flow wp-block-group-is-layout-flow\"><div class=\"wp-block-image is-style-default\">\n<figure class=\"aligncenter size-large\"><a href=\"https:\/\/easyum.com\/fr\/facilitation\/\"><img loading=\"lazy\" decoding=\"async\" width=\"1024\" height=\"613\" src=\"https:\/\/easyum.com\/fr\/wp-content\/uploads\/2025\/04\/cropped-image-devops-1024x613.jpg\" alt=\"\" class=\"wp-image-1448\" srcset=\"https:\/\/easyum.com\/fr\/wp-content\/uploads\/2025\/04\/cropped-image-devops-1024x613.jpg 1024w, https:\/\/easyum.com\/fr\/wp-content\/uploads\/2025\/04\/cropped-image-devops-300x180.jpg 300w, https:\/\/easyum.com\/fr\/wp-content\/uploads\/2025\/04\/cropped-image-devops-768x460.jpg 768w, https:\/\/easyum.com\/fr\/wp-content\/uploads\/2025\/04\/cropped-image-devops-1536x920.jpg 1536w, https:\/\/easyum.com\/fr\/wp-content\/uploads\/2025\/04\/cropped-image-devops-350x210.jpg 350w, https:\/\/easyum.com\/fr\/wp-content\/uploads\/2025\/04\/cropped-image-devops.jpg 2000w\" sizes=\"auto, (max-width: 706px) 89vw, (max-width: 767px) 82vw, 740px\" \/><\/a><\/figure>\n<\/div>\n\n\n<h2 class=\"wp-block-heading has-text-align-left has-black-color has-text-color\" style=\"font-size:30px\">Facilitation<\/h2>\n\n\n\n<p class=\"has-text-align-left\"><a href=\"https:\/\/easyum.com\/fr\/facilitation\/\" data-type=\"page\" data-id=\"1481\">Voir nos services de facilitation \u2192<\/a><\/p>\n<\/div><\/div>\n<\/div>\n\n\n\n<div class=\"wp-block-column is-layout-flow wp-block-column-is-layout-flow\">\n<div class=\"wp-block-group\"><div class=\"wp-block-group__inner-container is-layout-flow wp-block-group-is-layout-flow\"><div class=\"wp-block-image is-style-default\">\n<figure class=\"aligncenter size-large\"><a href=\"https:\/\/easyum.com\/fr\/formation-safe\/\"><img loading=\"lazy\" decoding=\"async\" width=\"1024\" height=\"614\" src=\"https:\/\/easyum.com\/fr\/wp-content\/uploads\/2025\/04\/cropped-image-advanced-scrum-master-1024x614.jpg\" alt=\"\" class=\"wp-image-1444\" srcset=\"https:\/\/easyum.com\/fr\/wp-content\/uploads\/2025\/04\/cropped-image-advanced-scrum-master-1024x614.jpg 1024w, https:\/\/easyum.com\/fr\/wp-content\/uploads\/2025\/04\/cropped-image-advanced-scrum-master-300x180.jpg 300w, https:\/\/easyum.com\/fr\/wp-content\/uploads\/2025\/04\/cropped-image-advanced-scrum-master-768x460.jpg 768w, https:\/\/easyum.com\/fr\/wp-content\/uploads\/2025\/04\/cropped-image-advanced-scrum-master-1536x921.jpg 1536w, https:\/\/easyum.com\/fr\/wp-content\/uploads\/2025\/04\/cropped-image-advanced-scrum-master-350x210.jpg 350w, https:\/\/easyum.com\/fr\/wp-content\/uploads\/2025\/04\/cropped-image-advanced-scrum-master.jpg 2000w\" sizes=\"auto, (max-width: 706px) 89vw, (max-width: 767px) 82vw, 740px\" \/><\/a><\/figure>\n<\/div>\n\n\n<h2 class=\"wp-block-heading has-text-align-left has-black-color has-text-color\" style=\"font-size:30px\">Formation<\/h2>\n\n\n\n<p class=\"has-text-align-left\"><a href=\"https:\/\/easyum.com\/fr\/formation\/\" data-type=\"page\" data-id=\"1750\">Voir nos formations SAFe\u00ae \u2192<\/a><\/p>\n<\/div><\/div>\n<\/div>\n<\/div>\n","protected":false},"excerpt":{"rendered":"<p>Notre mission Vous fournir conseils et services pour faciliter vos initiatives de transformation. Depuis 2005, Easyum accompagne vos \u00e9quipes dans leurs transformations, facilite vos ateliers collaboratifs, et donne des formations certifiantes \u00e0 vos talents. Conseillers et formateurs d&rsquo;exp\u00e9rience S\u00e9bastien Poher Marie-Christine Turcotte Pawel Mysliwiec Delphine Charillon L\u00e9onie Roy-Archambault Les valeurs qui nous animent Des partenaires &hellip; <\/p>\n<p class=\"link-more\"><a href=\"https:\/\/easyum.com\/fr\/a-propos\/\" class=\"more-link\">Continuer la lecture<span class=\"screen-reader-text\"> de &laquo;&nbsp;\u00c0 propos&nbsp;&raquo;<\/span><\/a><\/p>\n","protected":false},"author":2,"featured_media":0,"parent":0,"menu_order":0,"comment_status":"closed","ping_status":"closed","template":"","meta":{"footnotes":""},"class_list":["post-802","page","type-page","status-publish","hentry"],"_links":{"self":[{"href":"https:\/\/easyum.com\/fr\/wp-json\/wp\/v2\/pages\/802","targetHints":{"allow":["GET"]}}],"collection":[{"href":"https:\/\/easyum.com\/fr\/wp-json\/wp\/v2\/pages"}],"about":[{"href":"https:\/\/easyum.com\/fr\/wp-json\/wp\/v2\/types\/page"}],"author":[{"embeddable":true,"href":"https:\/\/easyum.com\/fr\/wp-json\/wp\/v2\/users\/2"}],"replies":[{"embeddable":true,"href":"https:\/\/easyum.com\/fr\/wp-json\/wp\/v2\/comments?post=802"}],"version-history":[{"count":113,"href":"https:\/\/easyum.com\/fr\/wp-json\/wp\/v2\/pages\/802\/revisions"}],"predecessor-version":[{"id":1779,"href":"https:\/\/easyum.com\/fr\/wp-json\/wp\/v2\/pages\/802\/revisions\/1779"}],"wp:attachment":[{"href":"https:\/\/easyum.com\/fr\/wp-json\/wp\/v2\/media?parent=802"}],"curies":[{"name":"wp","href":"https:\/\/api.w.org\/{rel}","templated":true}]}}