{"id":62,"date":"2019-06-27T12:32:58","date_gmt":"2019-06-27T12:32:58","guid":{"rendered":"http:\/\/5aba3a3368.testing-url.ws\/?page_id=2"},"modified":"2026-05-16T21:27:26","modified_gmt":"2026-05-17T01:27:26","slug":"page-d-exemple-2","status":"publish","type":"page","link":"https:\/\/easyum.com\/fr\/","title":{"rendered":"Bienvenue"},"content":{"rendered":"\n<h1 class=\"wp-block-heading\">Clarifier, d\u00e9cider et faire avancer les organisations<\/h1>\n\n\n\n<p>Dans un monde en \u00e9volution continue, s\u2019adapter rapidement est essentiel.<br>Mais clarifier une situation, d\u00e9cider et faire avancer les choses reste souvent complexe.<\/p>\n\n\n\n<p>Les organisations disposent aujourd\u2019hui de beaucoup d\u2019information, d\u2019outils et d\u2019options, avec l&rsquo;essor de l&rsquo;IA.<br>Pourtant, transformer une r\u00e9flexion en d\u00e9cisions claires puis en actions concr\u00e8tes demeure un d\u00e9fi bien r\u00e9el.<\/p>\n\n\n\n<p>Chez Easyum, nous intervenons dans ces moments\u2011l\u00e0.<\/p>\n\n\n\n<p>Depuis 2005, nous aidons les organisations \u00e0 clarifier leurs enjeux, \u00e0 prendre des d\u00e9cisions adapt\u00e9es \u00e0 leur contexte, et \u00e0 les faire avancer concr\u00e8tement avec les \u00e9quipes concern\u00e9es.<\/p>\n\n\n\n<p>Nos interventions se situent notamment dans des environnements o\u00f9 les situations sont complexes et les d\u00e9cisions structurantes :<br>transformations organisationnelles, coordination \u00e0 l\u2019\u00e9chelle, gouvernance et pilotage, mise en \u0153uvre de solutions \u2014 souvent digitales \u2014 et contextes internationaux.<\/p>\n\n\n\n<h2 class=\"wp-block-heading\">Nos fa\u00e7ons d\u2019accompagner<\/h2>\n\n\n\n<p>Selon vos enjeux et le moment o\u00f9 vous vous trouvez, nous adaptons notre accompagnement pour soutenir la r\u00e9flexion, la d\u00e9cision et la mise en \u0153uvre.<\/p>\n\n\n\n<div class=\"wp-block-columns are-vertically-aligned-top is-layout-flex wp-container-core-columns-is-layout-9d6595d7 wp-block-columns-is-layout-flex\">\n<div class=\"wp-block-column is-layout-flow wp-block-column-is-layout-flow\">\n<div class=\"wp-block-group\"><div class=\"wp-block-group__inner-container is-layout-flow wp-block-group-is-layout-flow\"><div class=\"wp-block-image is-style-default\">\n<figure class=\"aligncenter size-large\"><a href=\"https:\/\/easyum.com\/fr\/conseil\/\"><img loading=\"lazy\" decoding=\"async\" width=\"1024\" height=\"613\" src=\"https:\/\/easyum.com\/fr\/wp-content\/uploads\/2025\/04\/cropped-image-popm-1024x613.jpg\" alt=\"\" class=\"wp-image-1449\" srcset=\"https:\/\/easyum.com\/fr\/wp-content\/uploads\/2025\/04\/cropped-image-popm-1024x613.jpg 1024w, https:\/\/easyum.com\/fr\/wp-content\/uploads\/2025\/04\/cropped-image-popm-300x180.jpg 300w, https:\/\/easyum.com\/fr\/wp-content\/uploads\/2025\/04\/cropped-image-popm-768x460.jpg 768w, https:\/\/easyum.com\/fr\/wp-content\/uploads\/2025\/04\/cropped-image-popm-1536x920.jpg 1536w, https:\/\/easyum.com\/fr\/wp-content\/uploads\/2025\/04\/cropped-image-popm-350x210.jpg 350w, https:\/\/easyum.com\/fr\/wp-content\/uploads\/2025\/04\/cropped-image-popm.jpg 2000w\" sizes=\"auto, (max-width: 706px) 89vw, (max-width: 767px) 82vw, 740px\" \/><\/a><\/figure>\n<\/div>\n\n\n<h2 class=\"wp-block-heading has-text-align-left has-black-color has-text-color\" style=\"font-size:30px\">Conseil<\/h2>\n\n\n\n<p class=\"has-text-align-left\"><a href=\"https:\/\/easyum.com\/fr\/conseil\/\" data-type=\"page\" data-id=\"1468\">Voir nos services conseil \u2192<\/a><\/p>\n<\/div><\/div>\n<\/div>\n\n\n\n<div class=\"wp-block-column is-layout-flow wp-block-column-is-layout-flow\">\n<div class=\"wp-block-group\"><div class=\"wp-block-group__inner-container is-layout-flow wp-block-group-is-layout-flow\"><div class=\"wp-block-image is-style-default\">\n<figure class=\"aligncenter size-large\"><a href=\"https:\/\/easyum.com\/fr\/facilitation\/\"><img loading=\"lazy\" decoding=\"async\" width=\"1024\" height=\"613\" src=\"https:\/\/easyum.com\/fr\/wp-content\/uploads\/2025\/04\/cropped-image-devops-1024x613.jpg\" alt=\"\" class=\"wp-image-1448\" srcset=\"https:\/\/easyum.com\/fr\/wp-content\/uploads\/2025\/04\/cropped-image-devops-1024x613.jpg 1024w, https:\/\/easyum.com\/fr\/wp-content\/uploads\/2025\/04\/cropped-image-devops-300x180.jpg 300w, https:\/\/easyum.com\/fr\/wp-content\/uploads\/2025\/04\/cropped-image-devops-768x460.jpg 768w, https:\/\/easyum.com\/fr\/wp-content\/uploads\/2025\/04\/cropped-image-devops-1536x920.jpg 1536w, https:\/\/easyum.com\/fr\/wp-content\/uploads\/2025\/04\/cropped-image-devops-350x210.jpg 350w, https:\/\/easyum.com\/fr\/wp-content\/uploads\/2025\/04\/cropped-image-devops.jpg 2000w\" sizes=\"auto, (max-width: 706px) 89vw, (max-width: 767px) 82vw, 740px\" \/><\/a><\/figure>\n<\/div>\n\n\n<h2 class=\"wp-block-heading has-text-align-left has-black-color has-text-color\" style=\"font-size:30px\">Facilitation<\/h2>\n\n\n\n<p class=\"has-text-align-left\"><a href=\"https:\/\/easyum.com\/fr\/facilitation\/\" data-type=\"page\" data-id=\"1481\">Voir nos services de facilitation \u2192<\/a><\/p>\n<\/div><\/div>\n<\/div>\n\n\n\n<div class=\"wp-block-column is-layout-flow wp-block-column-is-layout-flow\">\n<div class=\"wp-block-group\"><div class=\"wp-block-group__inner-container is-layout-flow wp-block-group-is-layout-flow\"><div class=\"wp-block-image is-style-default\">\n<figure class=\"aligncenter size-large\"><a href=\"https:\/\/easyum.com\/fr\/formation-safe\/\"><img loading=\"lazy\" decoding=\"async\" width=\"1024\" height=\"614\" src=\"https:\/\/easyum.com\/fr\/wp-content\/uploads\/2025\/04\/cropped-image-advanced-scrum-master-1024x614.jpg\" alt=\"\" class=\"wp-image-1444\" srcset=\"https:\/\/easyum.com\/fr\/wp-content\/uploads\/2025\/04\/cropped-image-advanced-scrum-master-1024x614.jpg 1024w, https:\/\/easyum.com\/fr\/wp-content\/uploads\/2025\/04\/cropped-image-advanced-scrum-master-300x180.jpg 300w, https:\/\/easyum.com\/fr\/wp-content\/uploads\/2025\/04\/cropped-image-advanced-scrum-master-768x460.jpg 768w, https:\/\/easyum.com\/fr\/wp-content\/uploads\/2025\/04\/cropped-image-advanced-scrum-master-1536x921.jpg 1536w, https:\/\/easyum.com\/fr\/wp-content\/uploads\/2025\/04\/cropped-image-advanced-scrum-master-350x210.jpg 350w, https:\/\/easyum.com\/fr\/wp-content\/uploads\/2025\/04\/cropped-image-advanced-scrum-master.jpg 2000w\" sizes=\"auto, (max-width: 706px) 89vw, (max-width: 767px) 82vw, 740px\" \/><\/a><\/figure>\n<\/div>\n\n\n<h2 class=\"wp-block-heading has-text-align-left has-black-color has-text-color\" style=\"font-size:30px\">Formation<\/h2>\n\n\n\n<p class=\"has-text-align-left\"><a href=\"https:\/\/easyum.com\/fr\/formation\/\" data-type=\"page\" data-id=\"1750\">Voir nos formations SAFe\u00ae \u2192<\/a><\/p>\n<\/div><\/div>\n<\/div>\n<\/div>\n\n\n\n<h2 class=\"wp-block-heading\" id=\"Prochaines-formations\">Nos prochaines formations<\/h2>\n\n\n\t\t<div class=\"wcs-timetable__wrapper\">\n\t\t\t<div class=\"wcs-vue\" id=\"wcs-app-9\"><\/div>\n\t\t<\/div>\n\t\t\n\n\n\n<div style=\"height:100px\" aria-hidden=\"true\" class=\"wp-block-spacer\"><\/div>\n\n\n\n<p>Envie d&rsquo;en discuter ? <a href=\"https:\/\/easyum.com\/fr\/contact\/\" data-type=\"page\" data-id=\"87\">Contactez-nous<\/a> pour \u00e9changer.<\/p>\n\n\n\n<p><\/p>\n","protected":false},"excerpt":{"rendered":"<p>Clarifier, d\u00e9cider et faire avancer les organisations Dans un monde en \u00e9volution continue, s\u2019adapter rapidement est essentiel.Mais clarifier une situation, d\u00e9cider et faire avancer les choses reste souvent complexe. Les organisations disposent aujourd\u2019hui de beaucoup d\u2019information, d\u2019outils et d\u2019options, avec l&rsquo;essor de l&rsquo;IA.Pourtant, transformer une r\u00e9flexion en d\u00e9cisions claires puis en actions concr\u00e8tes demeure un &hellip; <\/p>\n<p class=\"link-more\"><a href=\"https:\/\/easyum.com\/fr\/\" class=\"more-link\">Continuer la lecture<span class=\"screen-reader-text\"> de &laquo;&nbsp;Bienvenue&nbsp;&raquo;<\/span><\/a><\/p>\n","protected":false},"author":1,"featured_media":0,"parent":0,"menu_order":0,"comment_status":"closed","ping_status":"open","template":"","meta":{"footnotes":""},"class_list":["post-62","page","type-page","status-publish","hentry"],"_links":{"self":[{"href":"https:\/\/easyum.com\/fr\/wp-json\/wp\/v2\/pages\/62","targetHints":{"allow":["GET"]}}],"collection":[{"href":"https:\/\/easyum.com\/fr\/wp-json\/wp\/v2\/pages"}],"about":[{"href":"https:\/\/easyum.com\/fr\/wp-json\/wp\/v2\/types\/page"}],"author":[{"embeddable":true,"href":"https:\/\/easyum.com\/fr\/wp-json\/wp\/v2\/users\/1"}],"replies":[{"embeddable":true,"href":"https:\/\/easyum.com\/fr\/wp-json\/wp\/v2\/comments?post=62"}],"version-history":[{"count":58,"href":"https:\/\/easyum.com\/fr\/wp-json\/wp\/v2\/pages\/62\/revisions"}],"predecessor-version":[{"id":2225,"href":"https:\/\/easyum.com\/fr\/wp-json\/wp\/v2\/pages\/62\/revisions\/2225"}],"wp:attachment":[{"href":"https:\/\/easyum.com\/fr\/wp-json\/wp\/v2\/media?parent=62"}],"curies":[{"name":"wp","href":"https:\/\/api.w.org\/{rel}","templated":true}]}}