{"id":1976,"date":"2025-10-16T15:11:30","date_gmt":"2025-10-16T19:11:30","guid":{"rendered":"https:\/\/easyum.com\/fr\/?page_id=1976"},"modified":"2026-04-08T17:38:07","modified_gmt":"2026-04-08T21:38:07","slug":"formation-safe-popm-ia","status":"publish","type":"page","link":"https:\/\/easyum.com\/fr\/formation\/formation-safe-popm-ia\/","title":{"rendered":"Formation SAFe\u00ae Product Owner \/ Product Manager avec IA"},"content":{"rendered":"\n<h1 class=\"wp-block-heading\">Formation SAFe\u00ae Product Owner \/ Product Manager avec IA<\/h1>\n\n\n\n<p>De quelles comp\u00e9tences avez-vous besoin pour cr\u00e9er de la valeur dans une entreprise Lean ? Le cours SAFe\u00ae Product Owner \/ Product Manager (POPM) couvre les responsabilit\u00e9s tactiques de ces r\u00f4les dans un train de livraison agile. Que vous soyez&nbsp;Product Owner, Product Manager, Analyste d\u2019affaires, Scrum Master ou Gestionnaire de programme, cette formation est con\u00e7ue pour vous.<\/p>\n\n\n\n<p>Lors de cette <strong>formation bonifi\u00e9e d&rsquo;une le\u00e7on et d&rsquo;exercices avec l&rsquo;Intelligence Artificielle<\/strong>, vous verrez entre autres comment :<\/p>\n\n\n\n<ul class=\"wp-block-list\">\n<li>Affiner votre backlog avec des outils IA<\/li>\n\n\n\n<li>Prioriser selon les donn\u00e9es et les objectifs d\u2019affaires<\/li>\n\n\n\n<li>D\u00e9couvrir des fonctionnalit\u00e9s innovantes<\/li>\n\n\n\n<li>Mieux comprendre vos utilisateurs gr\u00e2ce \u00e0 l\u2019analyse intelligente<\/li>\n\n\n\n<li>Appliquer les principes d\u2019IA responsable dans votre quotidien.<\/li>\n<\/ul>\n\n\n\n<div style=\"height:93px\" aria-hidden=\"true\" class=\"wp-block-spacer\"><\/div>\n\n\n\n<figure class=\"wp-block-image size-large is-resized\"><img decoding=\"async\" src=\"https:\/\/easyum.com\/fr\/wp-content\/uploads\/2022\/08\/Se\u0301parateur-4-1024x67.png\" alt=\"\" style=\"width:674px;height:44px\"\/><\/figure>\n\n\n\n<p>Apprenez comment les PO et les PM doivent travailler ensemble pour obtenir les meilleurs r\u00e9sultats possibles pour le client et l&rsquo;entreprise. Le cours SAFe POPM vous apprendra \u00e0 adopter une approche centr\u00e9e sur le client pour cr\u00e9er des produits, en utilisant le Scaled Agile Framework\u00ae pour fournir plus de valeur, plus rapidement. Les sujets abord\u00e9s dans ce cours comprennent le r\u00f4le au quotidien des PO et PM ; la collaboration avec les \u00e9quipes d&rsquo;ing\u00e9nierie et les parties prenantes de l&rsquo;entreprise ; avec l&rsquo;IA, comment \u00e9crire \u00ab\u00a0des epics, des features et des stories\u00a0\u00bb ; et comment concevoir, prioriser, cr\u00e9er, tester et livrer des produits avec une productivit\u00e9 accrue et une meilleure qualit\u00e9.<\/p>\n\n\n\n<div class=\"wp-block-buttons is-layout-flex wp-block-buttons-is-layout-flex\">\n<div class=\"wp-block-button is-style-fill\"><a class=\"wp-block-button__link has-background wp-element-button\" href=\"https:\/\/easyum.com\/fr\/contact\/\" style=\"background-color:#669933\">S&rsquo;en parler !<\/a><\/div>\n<\/div>\n\n\n\n<div style=\"height:76px\" aria-hidden=\"true\" class=\"wp-block-spacer\"><\/div>\n\n\n\n<div class=\"wp-block-columns is-layout-flex wp-container-core-columns-is-layout-9d6595d7 wp-block-columns-is-layout-flex\">\n<div class=\"wp-block-column is-layout-flow wp-block-column-is-layout-flow\">\n<p><strong>SAFe\u00ae POPM r\u00e9pond aux questions :<\/strong><\/p>\n\n\n\n<div class=\"wp-block-group is-vertical is-layout-flex wp-container-core-group-is-layout-8cf370e7 wp-block-group-is-layout-flex\">\n<ul class=\"wp-block-list has-small-font-size\">\n<li>Comment les PO et les PM planifient-ils et ex\u00e9cutent-ils le travail pendant une IP ?<\/li>\n\n\n\n<li>Comment int\u00e9grer un \u00e9tat d&rsquo;esprit centr\u00e9 sur le client pour livrer les produits que les clients d\u00e9sirent ?<\/li>\n\n\n\n<li>Comment relier les principes et valeurs SAFe Lean-Agile aux r\u00f4les de PO\/PM ?<\/li>\n<\/ul>\n<\/div>\n\n\n\n<p class=\"has-small-font-size\"><\/p>\n<\/div>\n\n\n\n<div class=\"wp-block-column is-layout-flow wp-block-column-is-layout-flow\" style=\"flex-basis:60px\"><div class=\"wp-block-image\">\n<figure class=\"aligncenter size-large is-resized\"><img decoding=\"async\" src=\"https:\/\/easyum.com\/fr\/wp-content\/uploads\/2023\/01\/Separateur-vertical.png\" alt=\"\" style=\"width:30px;height:239px\"\/><\/figure>\n<\/div><\/div>\n\n\n\n<div class=\"wp-block-column is-layout-flow wp-block-column-is-layout-flow\">\n<p class=\"has-text-align-left\"><strong>Inclus :<\/strong><\/p>\n\n\n\n<div class=\"wp-block-group is-vertical is-layout-flex wp-container-core-group-is-layout-8cf370e7 wp-block-group-is-layout-flex\">\n<div class=\"wp-block-group is-vertical is-layout-flex wp-container-core-group-is-layout-8cf370e7 wp-block-group-is-layout-flex\">\n<ul class=\"wp-block-list has-small-font-size\">\n<li>Une adh\u00e9sion d&rsquo;un an \u00e0 la plateforme d&rsquo;apprentissage SAFe\u00ae Studio.<\/li>\n\n\n\n<li>Acc\u00e8s au contenu, aux outils et aux ressources en anglais, dont vous avez besoin pour pratiquer SAFe au quotidien.<\/li>\n\n\n\n<li>Examen de certification SAFe POPM.<\/li>\n<\/ul>\n<\/div>\n<\/div>\n<\/div>\n<\/div>\n\n\n\n<figure class=\"wp-block-video\"><video height=\"1080\" style=\"aspect-ratio: 1920 \/ 1080;\" width=\"1920\" controls src=\"https:\/\/easyum.com\/fr\/wp-content\/uploads\/2022\/08\/SAFe-Product-Owner-Product-Manager-Partner-Course-Trailer.mp4\"><\/video><\/figure>\n\n\n\n<div style=\"height:16px\" aria-hidden=\"true\" class=\"wp-block-spacer\"><\/div>\n\n\n\n<div class=\"wp-block-columns is-layout-flex wp-container-core-columns-is-layout-9d6595d7 wp-block-columns-is-layout-flex\">\n<div class=\"wp-block-column is-layout-flow wp-block-column-is-layout-flow\">\n<p><strong>Langue :<\/strong><\/p>\n\n\n\n<ul class=\"wp-block-list has-small-font-size\">\n<li>Le formateur et les participants communiqueront en fran\u00e7ais.<\/li>\n\n\n\n<li>Le mat\u00e9riel de formation du cours sera en fran\u00e7ais.<\/li>\n\n\n\n<li>Les questions d&rsquo;examen seront en fran\u00e7ais et en anglais.<\/li>\n<\/ul>\n\n\n\n<div style=\"height:92px\" aria-hidden=\"true\" class=\"wp-block-spacer\"><\/div>\n\n\n\n<p><strong>Tarif :<\/strong><\/p>\n\n\n\n<ul class=\"wp-block-list has-small-font-size\">\n<li><a href=\"https:\/\/easyum.com\/fr\/fr\/contact\/\">Contactez-nous<\/a>&nbsp;afin d\u2019organiser une formation priv\u00e9e pour votre entreprise.<\/li>\n\n\n\n<li>Un prix sp\u00e9cial est offert pour une inscription plus de six semaines avant le d\u00e9but de la formation.<\/li>\n\n\n\n<li>Un rabais de groupe est offert lors d&rsquo;une inscription simultan\u00e9e d&rsquo;au moins trois participants.<\/li>\n<\/ul>\n\n\n\n<div class=\"wp-block-buttons is-layout-flex wp-block-buttons-is-layout-flex\">\n<div class=\"wp-block-button is-style-fill\"><a class=\"wp-block-button__link has-background wp-element-button\" href=\"https:\/\/easyum.com\/fr\/contact\/\" style=\"background-color:#669933\">S&rsquo;en parler !<\/a><\/div>\n<\/div>\n<\/div>\n\n\n\n<div class=\"wp-block-column is-layout-flow wp-block-column-is-layout-flow\" style=\"flex-basis:60px\"><div class=\"wp-block-image\">\n<figure class=\"aligncenter size-large is-resized\"><img decoding=\"async\" src=\"https:\/\/easyum.com\/fr\/wp-content\/uploads\/2023\/01\/Separateur-vertical.png\" alt=\"\" style=\"width:30px;height:239px\"\/><\/figure>\n<\/div><\/div>\n\n\n\n<div class=\"wp-block-column is-layout-flow wp-block-column-is-layout-flow\">\n<p class=\"has-text-align-left\"><strong>Dates :<\/strong><\/p>\n\n\n\n<div class=\"wp-block-group is-vertical is-layout-flex wp-container-core-group-is-layout-8cf370e7 wp-block-group-is-layout-flex\">\n<ul class=\"wp-block-list has-small-font-size\">\n<li>Quatre demi-journ\u00e9es, les 19, 20, 21 et 22 mai, en apr\u00e8s-midi  pour le Canada, en soir\u00e9e pour l&rsquo;Europe.<\/li>\n<\/ul>\n\n\n\n<div class=\"wp-block-buttons is-layout-flex wp-block-buttons-is-layout-flex\">\n<div class=\"wp-block-button is-style-fill\"><a class=\"wp-block-button__link has-luminous-vivid-orange-background-color has-background wp-element-button\" href=\"https:\/\/easyum.com\/fr\/produit\/place-pour-une-formation-safe-popm-ia\/\">Voir le prix et s&rsquo;inscrire<\/a><\/div>\n<\/div>\n\n\n\n<ul class=\"wp-block-list\">\n<li class=\"has-small-font-size\"><a href=\"https:\/\/easyum.com\/fr\/fr\/contact\/\">Contactez-nous<\/a>&nbsp;pour d&rsquo;autres dates \u00e0 venir.<\/li>\n<\/ul>\n\n\n\n<div style=\"height:16px\" aria-hidden=\"true\" class=\"wp-block-spacer wp-container-content-f9bd05ee\"><\/div>\n\n\n\n<p><strong>Logistique :<\/strong><\/p>\n\n\n\n<ul class=\"wp-block-list has-small-font-size\">\n<li>La formation aura lieu \u00e0 distance, via l&rsquo;application Zoom.<\/li>\n\n\n\n<li>Environ une semaine avant le d\u00e9but de la formation, vous recevrez un courriel comprenant les informations de connexion, ainsi qu&rsquo;une liste d&rsquo;activit\u00e9s et de lectures pr\u00e9paratoires.<\/li>\n<\/ul>\n\n\n\n<p><\/p>\n<\/div>\n<\/div>\n<\/div>\n\n\n\n<p><\/p>\n","protected":false},"excerpt":{"rendered":"<p>Formation SAFe\u00ae Product Owner \/ Product Manager avec IA De quelles comp\u00e9tences avez-vous besoin pour cr\u00e9er de la valeur dans une entreprise Lean ? Le cours SAFe\u00ae Product Owner \/ Product Manager (POPM) couvre les responsabilit\u00e9s tactiques de ces r\u00f4les dans un train de livraison agile. Que vous soyez&nbsp;Product Owner, Product Manager, Analyste d\u2019affaires, Scrum &hellip; <\/p>\n<p class=\"link-more\"><a href=\"https:\/\/easyum.com\/fr\/formation\/formation-safe-popm-ia\/\" class=\"more-link\">Continuer la lecture<span class=\"screen-reader-text\"> de &laquo;&nbsp;Formation SAFe\u00ae Product Owner \/ Product Manager avec IA&nbsp;&raquo;<\/span><\/a><\/p>\n","protected":false},"author":2,"featured_media":0,"parent":1750,"menu_order":0,"comment_status":"closed","ping_status":"closed","template":"","meta":{"footnotes":""},"class_list":["post-1976","page","type-page","status-publish","hentry"],"_links":{"self":[{"href":"https:\/\/easyum.com\/fr\/wp-json\/wp\/v2\/pages\/1976","targetHints":{"allow":["GET"]}}],"collection":[{"href":"https:\/\/easyum.com\/fr\/wp-json\/wp\/v2\/pages"}],"about":[{"href":"https:\/\/easyum.com\/fr\/wp-json\/wp\/v2\/types\/page"}],"author":[{"embeddable":true,"href":"https:\/\/easyum.com\/fr\/wp-json\/wp\/v2\/users\/2"}],"replies":[{"embeddable":true,"href":"https:\/\/easyum.com\/fr\/wp-json\/wp\/v2\/comments?post=1976"}],"version-history":[{"count":15,"href":"https:\/\/easyum.com\/fr\/wp-json\/wp\/v2\/pages\/1976\/revisions"}],"predecessor-version":[{"id":2050,"href":"https:\/\/easyum.com\/fr\/wp-json\/wp\/v2\/pages\/1976\/revisions\/2050"}],"up":[{"embeddable":true,"href":"https:\/\/easyum.com\/fr\/wp-json\/wp\/v2\/pages\/1750"}],"wp:attachment":[{"href":"https:\/\/easyum.com\/fr\/wp-json\/wp\/v2\/media?parent=1976"}],"curies":[{"name":"wp","href":"https:\/\/api.w.org\/{rel}","templated":true}]}}