{"id":1896,"date":"2025-08-26T15:00:28","date_gmt":"2025-08-26T19:00:28","guid":{"rendered":"https:\/\/easyum.com\/fr\/?page_id=1896"},"modified":"2026-01-06T12:45:56","modified_gmt":"2026-01-06T16:45:56","slug":"leading-safe","status":"publish","type":"page","link":"https:\/\/easyum.com\/fr\/formation\/leading-safe\/","title":{"rendered":"Formation Leading SAFe\u00ae"},"content":{"rendered":"\n<h1 class=\"wp-block-heading\">Formation Leading SAFe\u00ae<\/h1>\n\n\n\n<p>Le cadre SAFe\u00ae est nouveau pour vous ? Leading SAFe\u00ae vous offre une introduction aux fondements de SAFe, en vous fournissant des principes et pratiques pour conduire votre transformation Lean-Agile en toute confiance. Le cours offre \u00e9galement les conseils et les outils dont vous avez besoin pour diriger efficacement dans des environnements \u00e0 distance avec des \u00e9quipes r\u00e9parties.<\/p>\n\n\n\n<div style=\"height:93px\" aria-hidden=\"true\" class=\"wp-block-spacer\"><\/div>\n\n\n\n<figure class=\"wp-block-image size-large is-resized\"><img decoding=\"async\" src=\"https:\/\/easyum.com\/fr\/wp-content\/uploads\/2022\/08\/Se\u0301parateur-4-1024x67.png\" alt=\"\" style=\"width:674px;height:44px\"\/><\/figure>\n\n\n\n<p>Suivez le cours Leading SAFe pour comprendre comment les entreprises peuvent d\u00e9velopper leur agilit\u00e9 d\u2019affaires, et comment faire fonctionner SAFe dans votre organisation. Vous apprendrez comment SAFe vous aide \u00e0 am\u00e9liorer la qualit\u00e9, la productivit\u00e9, l\u2019engagement des employ\u00e9s et les d\u00e9lais de mise sur le march\u00e9. Vous comprendrez comment aligner toute votre organisation autour des m\u00eames objectifs clairs, comment am\u00e9liorer les flux de valeur et de travail, de la strat\u00e9gie \u00e0 la livraison. Vous apprendrez ce qui rend les entreprises plus centr\u00e9es sur le client, comment organiser des \u00e9v\u00e9nements cl\u00e9s d\u2019alignement et de planification SAFe, tels que le \u00ab&nbsp;PI Planning&nbsp;\u00bb.<\/p>\n\n\n\n<div class=\"wp-block-buttons is-layout-flex wp-block-buttons-is-layout-flex\">\n<div class=\"wp-block-button is-style-fill\"><a class=\"wp-block-button__link has-background wp-element-button\" href=\"https:\/\/easyum.com\/fr\/contact\/\" style=\"background-color:#669933\">S&rsquo;en parler !<\/a><\/div>\n<\/div>\n\n\n\n<div style=\"height:76px\" aria-hidden=\"true\" class=\"wp-block-spacer\"><\/div>\n\n\n\n<div class=\"wp-block-columns is-layout-flex wp-container-core-columns-is-layout-9d6595d7 wp-block-columns-is-layout-flex\">\n<div class=\"wp-block-column is-layout-flow wp-block-column-is-layout-flow\">\n<p><strong>Leading SAFe\u00ae r\u00e9pond aux questions :<\/strong><\/p>\n\n\n\n<div class=\"wp-block-group is-vertical is-layout-flex wp-container-core-group-is-layout-8cf370e7 wp-block-group-is-layout-flex\">\n<ul class=\"wp-block-list has-small-font-size\">\n<li>Qu\u2019est-ce que SAFe ?<\/li>\n\n\n\n<li>Qu\u2019est-ce que l\u2019agilit\u00e9 d\u2019affaires, et comment SAFe la soutient ?<\/li>\n\n\n\n<li>Comment une organisation peut-elle commencer \u00e0 utiliser le \u00ab&nbsp;Scaled Agile Framework\u00ae&nbsp;\u00bb ?<\/li>\n<\/ul>\n<\/div>\n\n\n\n<p class=\"has-small-font-size\"><\/p>\n<\/div>\n\n\n\n<div class=\"wp-block-column is-layout-flow wp-block-column-is-layout-flow\" style=\"flex-basis:60px\"><div class=\"wp-block-image\">\n<figure class=\"aligncenter size-large is-resized\"><img decoding=\"async\" src=\"https:\/\/easyum.com\/fr\/wp-content\/uploads\/2023\/01\/Separateur-vertical.png\" alt=\"\" style=\"width:30px;height:239px\"\/><\/figure>\n<\/div><\/div>\n\n\n\n<div class=\"wp-block-column is-layout-flow wp-block-column-is-layout-flow\">\n<p class=\"has-text-align-left\"><strong>Inclus :<\/strong><\/p>\n\n\n\n<div class=\"wp-block-group is-vertical is-layout-flex wp-container-core-group-is-layout-8cf370e7 wp-block-group-is-layout-flex\">\n<div class=\"wp-block-group is-vertical is-layout-flex wp-container-core-group-is-layout-8cf370e7 wp-block-group-is-layout-flex\">\n<ul class=\"wp-block-list has-small-font-size\">\n<li>Acc\u00e8s \u00e0 SAFe\u00ae Studio, un espace de travail visuel en ligne.<\/li>\n\n\n\n<li>Une adh\u00e9sion d&rsquo;un an \u00e0 la plateforme communautaire SAFe\u00ae.<\/li>\n\n\n\n<li>Acc\u00e8s au contenu, aux outils et aux ressources en anglais, dont vous avez besoin pour pratiquer SAFe au quotidien.<\/li>\n\n\n\n<li>Examen de certification SAFe Agilist (SA).<\/li>\n<\/ul>\n<\/div>\n<\/div>\n<\/div>\n<\/div>\n\n\n\n<figure class=\"wp-block-video\"><video height=\"1080\" style=\"aspect-ratio: 1920 \/ 1080;\" width=\"1920\" controls src=\"https:\/\/easyum.com\/fr\/wp-content\/uploads\/2022\/07\/Leading-SAFe-Partner-Course-Trailer.mp4\"><\/video><\/figure>\n\n\n\n<div style=\"height:16px\" aria-hidden=\"true\" class=\"wp-block-spacer\"><\/div>\n\n\n\n<div class=\"wp-block-columns is-layout-flex wp-container-core-columns-is-layout-9d6595d7 wp-block-columns-is-layout-flex\">\n<div class=\"wp-block-column is-layout-flow wp-block-column-is-layout-flow\">\n<p><strong>Langue :<\/strong><\/p>\n\n\n\n<ul class=\"wp-block-list has-small-font-size\">\n<li>Le formateur et les participants communiqueront en fran\u00e7ais.<\/li>\n\n\n\n<li>Le mat\u00e9riel de formation du cours sera en fran\u00e7ais.<\/li>\n\n\n\n<li>Les questions d&rsquo;examen seront en fran\u00e7ais et en anglais.<\/li>\n<\/ul>\n\n\n\n<div style=\"height:116px\" aria-hidden=\"true\" class=\"wp-block-spacer\"><\/div>\n\n\n\n<p><strong>Tarif :<\/strong><\/p>\n\n\n\n<ul class=\"wp-block-list has-small-font-size\">\n<li><a href=\"https:\/\/easyum.com\/fr\/fr\/contact\/\">Contactez-nous<\/a>&nbsp;afin d\u2019organiser une formation priv\u00e9e pour votre entreprise.<\/li>\n\n\n\n<li>Un prix sp\u00e9cial est offert pour une inscription plus de six semaines avant le d\u00e9but de la formation.<\/li>\n\n\n\n<li>Un rabais de groupe est offert lors d&rsquo;une inscription simultan\u00e9e d&rsquo;au moins trois participants.<\/li>\n<\/ul>\n\n\n\n<div class=\"wp-block-buttons is-layout-flex wp-block-buttons-is-layout-flex\">\n<div class=\"wp-block-button is-style-fill\"><a class=\"wp-block-button__link has-background wp-element-button\" href=\"https:\/\/easyum.com\/fr\/contact\/\" style=\"background-color:#669933\">S&rsquo;en parler !<\/a><\/div>\n<\/div>\n<\/div>\n\n\n\n<div class=\"wp-block-column is-layout-flow wp-block-column-is-layout-flow\" style=\"flex-basis:60px\"><div class=\"wp-block-image\">\n<figure class=\"aligncenter size-large is-resized\"><img decoding=\"async\" src=\"https:\/\/easyum.com\/fr\/wp-content\/uploads\/2023\/01\/Separateur-vertical.png\" alt=\"\" style=\"width:30px;height:239px\"\/><\/figure>\n<\/div><\/div>\n\n\n\n<div class=\"wp-block-column is-layout-flow wp-block-column-is-layout-flow\">\n<p class=\"has-text-align-left\"><strong>Dates :<\/strong><\/p>\n\n\n\n<div class=\"wp-block-group is-vertical is-layout-flex wp-container-core-group-is-layout-8cf370e7 wp-block-group-is-layout-flex\">\n<ul class=\"wp-block-list has-small-font-size\">\n<li>Quatre demi-journ\u00e9es, les 23, 24, 25, 26 f\u00e9vrier, en apr\u00e8s-midi pour le Canada, en soir\u00e9e pour l&rsquo;Europe.<\/li>\n<\/ul>\n\n\n\n<div class=\"wp-block-buttons is-layout-flex wp-container-core-buttons-is-layout-c07eda73 wp-block-buttons-is-layout-flex\">\n<div class=\"wp-block-button is-style-fill\"><a class=\"wp-block-button__link has-luminous-vivid-orange-background-color has-background wp-element-button\" href=\"https:\/\/easyum.com\/fr\/produit\/place-pour-une-formation-leading-safe\/\" rel=\"nofollow\">Voir le prix et<br>s&rsquo;inscrire<\/a><\/div>\n<\/div>\n\n\n\n<div style=\"height:16px\" aria-hidden=\"true\" class=\"wp-block-spacer\"><\/div>\n\n\n\n<ul class=\"wp-block-list has-small-font-size\">\n<li><a href=\"https:\/\/easyum.com\/fr\/fr\/contact\/\">Contactez-nous<\/a>&nbsp;pour d&rsquo;autres dates \u00e0 venir.<\/li>\n<\/ul>\n\n\n\n<div style=\"height:16px\" aria-hidden=\"true\" class=\"wp-block-spacer\"><\/div>\n\n\n\n<p><strong>Logistique :<\/strong><\/p>\n\n\n\n<ul class=\"wp-block-list has-small-font-size\">\n<li>La formation aura lieu \u00e0 distance, via l&rsquo;application Zoom.<\/li>\n\n\n\n<li>Environ une semaine avant le d\u00e9but de la formation, vous recevrez un courriel comprenant les informations de connexion, ainsi qu&rsquo;une liste d&rsquo;activit\u00e9s et de lectures pr\u00e9paratoires.<\/li>\n<\/ul>\n\n\n\n<p><\/p>\n<\/div>\n<\/div>\n<\/div>\n","protected":false},"excerpt":{"rendered":"<p>Formation Leading SAFe\u00ae Le cadre SAFe\u00ae est nouveau pour vous ? Leading SAFe\u00ae vous offre une introduction aux fondements de SAFe, en vous fournissant des principes et pratiques pour conduire votre transformation Lean-Agile en toute confiance. Le cours offre \u00e9galement les conseils et les outils dont vous avez besoin pour diriger efficacement dans des environnements &hellip; <\/p>\n<p class=\"link-more\"><a href=\"https:\/\/easyum.com\/fr\/formation\/leading-safe\/\" class=\"more-link\">Continuer la lecture<span class=\"screen-reader-text\"> de &laquo;&nbsp;Formation Leading SAFe\u00ae&nbsp;&raquo;<\/span><\/a><\/p>\n","protected":false},"author":2,"featured_media":0,"parent":1750,"menu_order":0,"comment_status":"closed","ping_status":"closed","template":"","meta":{"footnotes":""},"class_list":["post-1896","page","type-page","status-publish","hentry"],"_links":{"self":[{"href":"https:\/\/easyum.com\/fr\/wp-json\/wp\/v2\/pages\/1896","targetHints":{"allow":["GET"]}}],"collection":[{"href":"https:\/\/easyum.com\/fr\/wp-json\/wp\/v2\/pages"}],"about":[{"href":"https:\/\/easyum.com\/fr\/wp-json\/wp\/v2\/types\/page"}],"author":[{"embeddable":true,"href":"https:\/\/easyum.com\/fr\/wp-json\/wp\/v2\/users\/2"}],"replies":[{"embeddable":true,"href":"https:\/\/easyum.com\/fr\/wp-json\/wp\/v2\/comments?post=1896"}],"version-history":[{"count":40,"href":"https:\/\/easyum.com\/fr\/wp-json\/wp\/v2\/pages\/1896\/revisions"}],"predecessor-version":[{"id":2031,"href":"https:\/\/easyum.com\/fr\/wp-json\/wp\/v2\/pages\/1896\/revisions\/2031"}],"up":[{"embeddable":true,"href":"https:\/\/easyum.com\/fr\/wp-json\/wp\/v2\/pages\/1750"}],"wp:attachment":[{"href":"https:\/\/easyum.com\/fr\/wp-json\/wp\/v2\/media?parent=1896"}],"curies":[{"name":"wp","href":"https:\/\/api.w.org\/{rel}","templated":true}]}}