{"id":1750,"date":"2025-06-09T09:59:16","date_gmt":"2025-06-09T13:59:16","guid":{"rendered":"https:\/\/easyum.com\/fr\/?page_id=1750"},"modified":"2026-04-08T17:31:34","modified_gmt":"2026-04-08T21:31:34","slug":"formation","status":"publish","type":"page","link":"https:\/\/easyum.com\/fr\/formation\/","title":{"rendered":"Formation"},"content":{"rendered":"\n<div class=\"wp-block-columns is-layout-flex wp-container-core-columns-is-layout-9d6595d7 wp-block-columns-is-layout-flex\">\n<div class=\"wp-block-column is-layout-flow wp-block-column-is-layout-flow\" style=\"flex-basis:33.33%\">\n<h2 class=\"wp-block-heading\">Obtenez votre certification SAFe\u00ae et progressez dans votre carri\u00e8re !<\/h2>\n\n\n\n<p>Plus de 2 millions de professionnels ont valid\u00e9 leur expertise en tant que leaders du changement, gr\u00e2ce \u00e0 la certification et \u00e0 la formation SAFe\u00ae.<\/p>\n<\/div>\n\n\n\n<div class=\"wp-block-column is-layout-flow wp-block-column-is-layout-flow\" style=\"flex-basis:66.66%\">\n<figure class=\"wp-block-embed is-type-video is-provider-youtube wp-block-embed-youtube wp-embed-aspect-16-9 wp-has-aspect-ratio\"><div class=\"wp-block-embed__wrapper\">\n<iframe loading=\"lazy\" title=\"SAFe\u00ae Certification Overview\" width=\"525\" height=\"295\" src=\"https:\/\/www.youtube.com\/embed\/Q5z4byQ25Ds?feature=oembed\" frameborder=\"0\" allow=\"accelerometer; autoplay; clipboard-write; encrypted-media; gyroscope; picture-in-picture; web-share\" referrerpolicy=\"strict-origin-when-cross-origin\" allowfullscreen><\/iframe>\n<\/div><\/figure>\n<\/div>\n<\/div>\n\n\n\n<h2 class=\"wp-block-heading\">D\u00e9couvrez les formations certifiantes SAFe\u00ae<\/h2>\n\n\n\n<div class=\"wp-block-columns are-vertically-aligned-top is-layout-flex wp-container-core-columns-is-layout-9d6595d7 wp-block-columns-is-layout-flex\">\n<div class=\"wp-block-column is-layout-flow wp-block-column-is-layout-flow\">\n<div class=\"wp-block-group\"><div class=\"wp-block-group__inner-container is-layout-flow wp-block-group-is-layout-flow\"><div class=\"wp-block-image is-style-default\">\n<figure class=\"aligncenter size-full\"><img loading=\"lazy\" decoding=\"async\" width=\"551\" height=\"625\" src=\"https:\/\/easyum.com\/fr\/wp-content\/uploads\/2023\/04\/Cert-Mark-LPM-150.png\" alt=\"\" class=\"wp-image-1209\" srcset=\"https:\/\/easyum.com\/fr\/wp-content\/uploads\/2023\/04\/Cert-Mark-LPM-150.png 551w, https:\/\/easyum.com\/fr\/wp-content\/uploads\/2023\/04\/Cert-Mark-LPM-150-350x397.png 350w, https:\/\/easyum.com\/fr\/wp-content\/uploads\/2023\/04\/Cert-Mark-LPM-150-264x300.png 264w\" sizes=\"auto, (max-width: 551px) 100vw, 551px\" \/><\/figure>\n<\/div>\n\n\n<h2 class=\"wp-block-heading has-text-align-left has-black-color has-text-color has-medium-font-size\">Lean Portfolio Management<\/h2>\n\n\n\n<p class=\"has-text-align-left\"><a href=\"https:\/\/easyum.com\/fr\/class\/lpm-safe-6\/\">En savoir plus \u2192<\/a><\/p>\n<\/div><\/div>\n<\/div>\n\n\n\n<div class=\"wp-block-column is-layout-flow wp-block-column-is-layout-flow\">\n<div class=\"wp-block-group\"><div class=\"wp-block-group__inner-container is-layout-flow wp-block-group-is-layout-flow\"><div class=\"wp-block-image is-style-default\">\n<figure class=\"aligncenter size-full\"><img loading=\"lazy\" decoding=\"async\" width=\"551\" height=\"625\" src=\"https:\/\/easyum.com\/fr\/wp-content\/uploads\/2023\/04\/Cert-Mark-SA-150.png\" alt=\"\" class=\"wp-image-1206\" srcset=\"https:\/\/easyum.com\/fr\/wp-content\/uploads\/2023\/04\/Cert-Mark-SA-150.png 551w, https:\/\/easyum.com\/fr\/wp-content\/uploads\/2023\/04\/Cert-Mark-SA-150-350x397.png 350w, https:\/\/easyum.com\/fr\/wp-content\/uploads\/2023\/04\/Cert-Mark-SA-150-264x300.png 264w\" sizes=\"auto, (max-width: 551px) 100vw, 551px\" \/><\/figure>\n<\/div>\n\n\n<h3 class=\"wp-block-heading has-text-align-left has-black-color has-text-color has-medium-font-size\">Leading SAFe<\/h3>\n\n\n\n<p class=\"has-text-align-left\"><a href=\"https:\/\/easyum.com\/fr\/formation\/leading-safe\/\" data-type=\"page\" data-id=\"1896\">En savoir plus \u2192<\/a><\/p>\n<\/div><\/div>\n<\/div>\n\n\n\n<div class=\"wp-block-column is-layout-flow wp-block-column-is-layout-flow\">\n<div class=\"wp-block-group\"><div class=\"wp-block-group__inner-container is-layout-flow wp-block-group-is-layout-flow\">\n<figure class=\"wp-block-image size-full is-style-default\"><img loading=\"lazy\" decoding=\"async\" width=\"600\" height=\"600\" src=\"https:\/\/easyum.com\/fr\/wp-content\/uploads\/2023\/06\/SAFe-Badge_POPM.png\" alt=\"\" class=\"wp-image-1986\" srcset=\"https:\/\/easyum.com\/fr\/wp-content\/uploads\/2023\/06\/SAFe-Badge_POPM.png 600w, https:\/\/easyum.com\/fr\/wp-content\/uploads\/2023\/06\/SAFe-Badge_POPM-300x300.png 300w, https:\/\/easyum.com\/fr\/wp-content\/uploads\/2023\/06\/SAFe-Badge_POPM-150x150.png 150w, https:\/\/easyum.com\/fr\/wp-content\/uploads\/2023\/06\/SAFe-Badge_POPM-100x100.png 100w, https:\/\/easyum.com\/fr\/wp-content\/uploads\/2023\/06\/SAFe-Badge_POPM-250x250.png 250w, https:\/\/easyum.com\/fr\/wp-content\/uploads\/2023\/06\/SAFe-Badge_POPM-350x350.png 350w\" sizes=\"auto, (max-width: 600px) 100vw, 600px\" \/><\/figure>\n\n\n\n<h3 class=\"wp-block-heading has-text-align-left has-black-color has-text-color has-medium-font-size\">SAFe Product Owner\/Product Manager avec IA<\/h3>\n\n\n\n<p class=\"has-text-align-left\"><a href=\"https:\/\/easyum.com\/fr\/formation\/formation-safe-popm-ia\/\" data-type=\"page\" data-id=\"1976\">En savoir plus \u2192<\/a><\/p>\n<\/div><\/div>\n<\/div>\n\n\n\n<div class=\"wp-block-column is-layout-flow wp-block-column-is-layout-flow\">\n<div class=\"wp-block-group\"><div class=\"wp-block-group__inner-container is-layout-flow wp-block-group-is-layout-flow\"><div class=\"wp-block-image is-style-default\">\n<figure class=\"aligncenter size-full\"><img loading=\"lazy\" decoding=\"async\" width=\"2501\" height=\"2501\" src=\"https:\/\/easyum.com\/fr\/wp-content\/uploads\/2025\/12\/SAFe-Badge_SSM.png\" alt=\"\" class=\"wp-image-2016\" srcset=\"https:\/\/easyum.com\/fr\/wp-content\/uploads\/2025\/12\/SAFe-Badge_SSM.png 2501w, https:\/\/easyum.com\/fr\/wp-content\/uploads\/2025\/12\/SAFe-Badge_SSM-300x300.png 300w, https:\/\/easyum.com\/fr\/wp-content\/uploads\/2025\/12\/SAFe-Badge_SSM-1024x1024.png 1024w, https:\/\/easyum.com\/fr\/wp-content\/uploads\/2025\/12\/SAFe-Badge_SSM-150x150.png 150w, https:\/\/easyum.com\/fr\/wp-content\/uploads\/2025\/12\/SAFe-Badge_SSM-768x768.png 768w, https:\/\/easyum.com\/fr\/wp-content\/uploads\/2025\/12\/SAFe-Badge_SSM-1536x1536.png 1536w, https:\/\/easyum.com\/fr\/wp-content\/uploads\/2025\/12\/SAFe-Badge_SSM-2048x2048.png 2048w, https:\/\/easyum.com\/fr\/wp-content\/uploads\/2025\/12\/SAFe-Badge_SSM-100x100.png 100w, https:\/\/easyum.com\/fr\/wp-content\/uploads\/2025\/12\/SAFe-Badge_SSM-250x250.png 250w, https:\/\/easyum.com\/fr\/wp-content\/uploads\/2025\/12\/SAFe-Badge_SSM-350x350.png 350w\" sizes=\"auto, (max-width: 706px) 89vw, (max-width: 767px) 82vw, 740px\" \/><\/figure>\n<\/div>\n\n\n<h3 class=\"wp-block-heading has-text-align-left has-black-color has-text-color has-medium-font-size\">SAFe Scrum Master avec IA<\/h3>\n\n\n\n<p class=\"has-text-align-left\"><a href=\"https:\/\/easyum.com\/fr\/class\/safe-scrum-master-3\/\">En savoir plus \u2192<\/a><\/p>\n<\/div><\/div>\n<\/div>\n<\/div>\n\n\n\n<div class=\"wp-block-columns are-vertically-aligned-top is-layout-flex wp-container-core-columns-is-layout-9d6595d7 wp-block-columns-is-layout-flex\">\n<div class=\"wp-block-column is-layout-flow wp-block-column-is-layout-flow\">\n<div class=\"wp-block-group\"><div class=\"wp-block-group__inner-container is-layout-flow wp-block-group-is-layout-flow\"><div class=\"wp-block-image is-style-default\">\n<figure class=\"aligncenter size-full\"><img loading=\"lazy\" decoding=\"async\" width=\"1024\" height=\"1024\" src=\"https:\/\/easyum.com\/fr\/wp-content\/uploads\/2025\/12\/Badge-RTE-1024x1024-1.png\" alt=\"\" class=\"wp-image-2023\" srcset=\"https:\/\/easyum.com\/fr\/wp-content\/uploads\/2025\/12\/Badge-RTE-1024x1024-1.png 1024w, https:\/\/easyum.com\/fr\/wp-content\/uploads\/2025\/12\/Badge-RTE-1024x1024-1-300x300.png 300w, https:\/\/easyum.com\/fr\/wp-content\/uploads\/2025\/12\/Badge-RTE-1024x1024-1-150x150.png 150w, https:\/\/easyum.com\/fr\/wp-content\/uploads\/2025\/12\/Badge-RTE-1024x1024-1-768x768.png 768w, https:\/\/easyum.com\/fr\/wp-content\/uploads\/2025\/12\/Badge-RTE-1024x1024-1-100x100.png 100w, https:\/\/easyum.com\/fr\/wp-content\/uploads\/2025\/12\/Badge-RTE-1024x1024-1-250x250.png 250w, https:\/\/easyum.com\/fr\/wp-content\/uploads\/2025\/12\/Badge-RTE-1024x1024-1-350x350.png 350w\" sizes=\"auto, (max-width: 706px) 89vw, (max-width: 767px) 82vw, 740px\" \/><\/figure>\n<\/div>\n\n\n<h3 class=\"wp-block-heading has-text-align-left has-black-color has-text-color has-medium-font-size\">SAFe Release Train Engineer avec IA<\/h3>\n\n\n\n<p class=\"has-text-align-left\">* Formation en priv\u00e9<\/p>\n\n\n\n<p><a href=\"https:\/\/youtu.be\/fcmakRSUr9M\" target=\"_blank\" rel=\"noreferrer noopener nofollow\">En savoir plus \u2192<\/a><\/p>\n<\/div><\/div>\n<\/div>\n\n\n\n<div class=\"wp-block-column is-layout-flow wp-block-column-is-layout-flow\">\n<div class=\"wp-block-group\"><div class=\"wp-block-group__inner-container is-layout-flow wp-block-group-is-layout-flow\"><div class=\"wp-block-image is-style-default\">\n<figure class=\"aligncenter size-full\"><img loading=\"lazy\" decoding=\"async\" width=\"551\" height=\"625\" src=\"https:\/\/easyum.com\/fr\/wp-content\/uploads\/2023\/04\/Cert-Mark-ARCH-150.png\" alt=\"\" class=\"wp-image-1204\" srcset=\"https:\/\/easyum.com\/fr\/wp-content\/uploads\/2023\/04\/Cert-Mark-ARCH-150.png 551w, https:\/\/easyum.com\/fr\/wp-content\/uploads\/2023\/04\/Cert-Mark-ARCH-150-350x397.png 350w, https:\/\/easyum.com\/fr\/wp-content\/uploads\/2023\/04\/Cert-Mark-ARCH-150-264x300.png 264w\" sizes=\"auto, (max-width: 551px) 100vw, 551px\" \/><\/figure>\n<\/div>\n\n\n<h3 class=\"wp-block-heading has-text-align-left has-black-color has-text-color has-medium-font-size\">SAFe for Architects<\/h3>\n\n\n\n<p class=\"has-text-align-left\"><a href=\"https:\/\/easyum.com\/fr\/class\/safe-architect\/\">En savoir plus \u2192<\/a><\/p>\n<\/div><\/div>\n<\/div>\n\n\n\n<div class=\"wp-block-column is-layout-flow wp-block-column-is-layout-flow\">\n<div class=\"wp-block-group\"><div class=\"wp-block-group__inner-container is-layout-flow wp-block-group-is-layout-flow\"><div class=\"wp-block-image is-style-default\">\n<figure class=\"aligncenter size-full\"><img loading=\"lazy\" decoding=\"async\" width=\"551\" height=\"625\" src=\"https:\/\/easyum.com\/fr\/wp-content\/uploads\/2023\/04\/Cert-Mark-APM-150.png\" alt=\"\" class=\"wp-image-1205\" srcset=\"https:\/\/easyum.com\/fr\/wp-content\/uploads\/2023\/04\/Cert-Mark-APM-150.png 551w, https:\/\/easyum.com\/fr\/wp-content\/uploads\/2023\/04\/Cert-Mark-APM-150-350x397.png 350w, https:\/\/easyum.com\/fr\/wp-content\/uploads\/2023\/04\/Cert-Mark-APM-150-264x300.png 264w\" sizes=\"auto, (max-width: 551px) 100vw, 551px\" \/><\/figure>\n<\/div>\n\n\n<h3 class=\"wp-block-heading has-text-align-left has-black-color has-text-color has-medium-font-size\">SAFe Product Management<\/h3>\n<\/div><\/div>\n<\/div>\n\n\n\n<div class=\"wp-block-column is-layout-flow wp-block-column-is-layout-flow\">\n<div class=\"wp-block-group\"><div class=\"wp-block-group__inner-container is-layout-flow wp-block-group-is-layout-flow\"><div class=\"wp-block-image is-style-default\">\n<figure class=\"aligncenter size-full\"><img loading=\"lazy\" decoding=\"async\" width=\"1083\" height=\"1241\" src=\"https:\/\/easyum.com\/fr\/wp-content\/uploads\/2025\/05\/Cert-Mark-SHWA.png\" alt=\"\" class=\"wp-image-1761\" style=\"object-fit:cover\" srcset=\"https:\/\/easyum.com\/fr\/wp-content\/uploads\/2025\/05\/Cert-Mark-SHWA.png 1083w, https:\/\/easyum.com\/fr\/wp-content\/uploads\/2025\/05\/Cert-Mark-SHWA-262x300.png 262w, https:\/\/easyum.com\/fr\/wp-content\/uploads\/2025\/05\/Cert-Mark-SHWA-894x1024.png 894w, https:\/\/easyum.com\/fr\/wp-content\/uploads\/2025\/05\/Cert-Mark-SHWA-768x880.png 768w, https:\/\/easyum.com\/fr\/wp-content\/uploads\/2025\/05\/Cert-Mark-SHWA-350x401.png 350w\" sizes=\"auto, (max-width: 706px) 89vw, (max-width: 767px) 82vw, 740px\" \/><\/figure>\n<\/div>\n\n\n<h3 class=\"wp-block-heading has-text-align-left has-black-color has-text-color has-medium-font-size\">SAFe for Hardware<\/h3>\n\n\n\n<p class=\"has-text-align-left\"><\/p>\n<\/div><\/div>\n<\/div>\n<\/div>\n\n\n\n<div class=\"wp-block-columns are-vertically-aligned-top is-layout-flex wp-container-core-columns-is-layout-9d6595d7 wp-block-columns-is-layout-flex\">\n<div class=\"wp-block-column is-layout-flow wp-block-column-is-layout-flow\">\n<div class=\"wp-block-group\"><div class=\"wp-block-group__inner-container is-layout-flow wp-block-group-is-layout-flow\"><div class=\"wp-block-image is-style-default\">\n<figure class=\"aligncenter size-full\"><img loading=\"lazy\" decoding=\"async\" width=\"551\" height=\"625\" src=\"https:\/\/easyum.com\/fr\/wp-content\/uploads\/2025\/05\/SAFe-Micro-credential-badge.png\" alt=\"SAFe Micro-credential\" class=\"wp-image-1782\" style=\"object-fit:cover\" srcset=\"https:\/\/easyum.com\/fr\/wp-content\/uploads\/2025\/05\/SAFe-Micro-credential-badge.png 551w, https:\/\/easyum.com\/fr\/wp-content\/uploads\/2025\/05\/SAFe-Micro-credential-badge-264x300.png 264w, https:\/\/easyum.com\/fr\/wp-content\/uploads\/2025\/05\/SAFe-Micro-credential-badge-350x397.png 350w\" sizes=\"auto, (max-width: 551px) 100vw, 551px\" \/><\/figure>\n<\/div>\n\n\n<h3 class=\"wp-block-heading has-text-align-left has-black-color has-text-color has-medium-font-size\">SAFe Business Owner<\/h3>\n\n\n\n<p class=\"has-text-align-left\"><a href=\"https:\/\/easyum.com\/fr\/formation\/micro-credential-safe-bo-proprietaire-metier-affaires\/\" data-type=\"page\" data-id=\"1828\">En savoir plus \u2192<\/a><\/p>\n<\/div><\/div>\n<\/div>\n\n\n\n<div class=\"wp-block-column is-layout-flow wp-block-column-is-layout-flow\">\n<div class=\"wp-block-group\"><div class=\"wp-block-group__inner-container is-layout-flow wp-block-group-is-layout-flow\"><div class=\"wp-block-image is-style-default\">\n<figure class=\"aligncenter size-full\"><img loading=\"lazy\" decoding=\"async\" width=\"551\" height=\"625\" src=\"https:\/\/easyum.com\/fr\/wp-content\/uploads\/2026\/04\/Cert-Mark-SASM-150.png\" alt=\"\" class=\"wp-image-2047\" style=\"object-fit:cover\" srcset=\"https:\/\/easyum.com\/fr\/wp-content\/uploads\/2026\/04\/Cert-Mark-SASM-150.png 551w, https:\/\/easyum.com\/fr\/wp-content\/uploads\/2026\/04\/Cert-Mark-SASM-150-264x300.png 264w, https:\/\/easyum.com\/fr\/wp-content\/uploads\/2026\/04\/Cert-Mark-SASM-150-350x397.png 350w\" sizes=\"auto, (max-width: 551px) 100vw, 551px\" \/><\/figure>\n<\/div>\n\n\n<h3 class=\"wp-block-heading has-text-align-left has-black-color has-text-color has-medium-font-size\">SAFe Advanced Scrum Master<\/h3>\n\n\n\n<p class=\"has-text-align-left\"><\/p>\n<\/div><\/div>\n<\/div>\n\n\n\n<div class=\"wp-block-column is-layout-flow wp-block-column-is-layout-flow\">\n<div class=\"wp-block-group\"><div class=\"wp-block-group__inner-container is-layout-flow wp-block-group-is-layout-flow\"><div class=\"wp-block-image is-style-default\">\n<figure class=\"aligncenter size-full\"><img loading=\"lazy\" decoding=\"async\" width=\"200\" height=\"200\" src=\"https:\/\/easyum.com\/fr\/wp-content\/uploads\/2025\/05\/certified-safe-6-practice-consultant.png\" alt=\"\" class=\"wp-image-1772\" style=\"object-fit:cover\" srcset=\"https:\/\/easyum.com\/fr\/wp-content\/uploads\/2025\/05\/certified-safe-6-practice-consultant.png 200w, https:\/\/easyum.com\/fr\/wp-content\/uploads\/2025\/05\/certified-safe-6-practice-consultant-150x150.png 150w, https:\/\/easyum.com\/fr\/wp-content\/uploads\/2025\/05\/certified-safe-6-practice-consultant-100x100.png 100w\" sizes=\"auto, (max-width: 200px) 100vw, 200px\" \/><\/figure>\n<\/div>\n\n\n<h3 class=\"wp-block-heading has-text-align-left has-black-color has-text-color has-medium-font-size\">SAFe Practice Consultant<\/h3>\n\n\n\n<p class=\"has-text-align-left\">* Formation en priv\u00e9, avec l&rsquo;un de nos partenaires Scaled Agile <em>Gold<\/em><\/p>\n<\/div><\/div>\n<\/div>\n\n\n\n<div class=\"wp-block-column is-layout-flow wp-block-column-is-layout-flow\">\n<div class=\"wp-block-group\"><div class=\"wp-block-group__inner-container is-layout-flow wp-block-group-is-layout-flow\">\n<div style=\"height:8px\" aria-hidden=\"true\" class=\"wp-block-spacer\"><\/div>\n\n\n<div class=\"wp-block-image is-style-default\">\n<figure class=\"aligncenter size-full is-resized\"><img loading=\"lazy\" decoding=\"async\" width=\"625\" height=\"625\" src=\"https:\/\/easyum.com\/fr\/wp-content\/uploads\/2025\/05\/Agile-HR-explorer.png\" alt=\"\" class=\"wp-image-1783\" style=\"object-fit:cover;width:126px;height:auto\" srcset=\"https:\/\/easyum.com\/fr\/wp-content\/uploads\/2025\/05\/Agile-HR-explorer.png 625w, https:\/\/easyum.com\/fr\/wp-content\/uploads\/2025\/05\/Agile-HR-explorer-300x300.png 300w, https:\/\/easyum.com\/fr\/wp-content\/uploads\/2025\/05\/Agile-HR-explorer-150x150.png 150w, https:\/\/easyum.com\/fr\/wp-content\/uploads\/2025\/05\/Agile-HR-explorer-100x100.png 100w, https:\/\/easyum.com\/fr\/wp-content\/uploads\/2025\/05\/Agile-HR-explorer-250x250.png 250w, https:\/\/easyum.com\/fr\/wp-content\/uploads\/2025\/05\/Agile-HR-explorer-350x350.png 350w\" sizes=\"auto, (max-width: 625px) 100vw, 625px\" \/><\/figure>\n<\/div>\n\n\n<h2 class=\"wp-block-heading has-text-align-left has-black-color has-text-color has-medium-font-size\">Agile HR<\/h2>\n\n\n\n<p class=\"has-text-align-left\">* Formation en priv\u00e9<\/p>\n<\/div><\/div>\n<\/div>\n<\/div>\n\n\n\n<h2 class=\"wp-block-heading\">Des formations disponibles \u00e0 distance ou en pr\u00e9sentiel<\/h2>\n\n\n\n<p>Acc\u00e9l\u00e9rez votre carri\u00e8re en vous inscrivant \u00e0 notre prochaine formation SAFe\u00ae publique \u00e0 distance, ou&nbsp;<a href=\"https:\/\/easyum.com\/fr\/fr\/contact\/\">contactez-nous<\/a>&nbsp;afin d\u2019organiser une formation priv\u00e9e pour votre entreprise.<\/p>\n\n\n\n<h2 class=\"wp-block-heading\">\u00cates-vous pr\u00eat \u00e0 faire progresser votre carri\u00e8re avec une certification SAFe\u00ae ?<\/h2>\n\n\n\n<p>Inscrivez-vous maintenant \u00e0 l&rsquo;une de nos prochaines formations publiques !<\/p>\n\n\n\t\t<div class=\"wcs-timetable__wrapper\">\n\t\t\t<div class=\"wcs-vue\" id=\"wcs-app-9\"><\/div>\n\t\t<\/div>\n\t\t\n","protected":false},"excerpt":{"rendered":"<p>Obtenez votre certification SAFe\u00ae et progressez dans votre carri\u00e8re ! Plus de 2 millions de professionnels ont valid\u00e9 leur expertise en tant que leaders du changement, gr\u00e2ce \u00e0 la certification et \u00e0 la formation SAFe\u00ae. D\u00e9couvrez les formations certifiantes SAFe\u00ae Lean Portfolio Management En savoir plus \u2192 Leading SAFe En savoir plus \u2192 SAFe Product &hellip; <\/p>\n<p class=\"link-more\"><a href=\"https:\/\/easyum.com\/fr\/formation\/\" class=\"more-link\">Continuer la lecture<span class=\"screen-reader-text\"> de &laquo;&nbsp;Formation&nbsp;&raquo;<\/span><\/a><\/p>\n","protected":false},"author":2,"featured_media":0,"parent":0,"menu_order":0,"comment_status":"closed","ping_status":"closed","template":"","meta":{"footnotes":""},"class_list":["post-1750","page","type-page","status-publish","hentry"],"_links":{"self":[{"href":"https:\/\/easyum.com\/fr\/wp-json\/wp\/v2\/pages\/1750","targetHints":{"allow":["GET"]}}],"collection":[{"href":"https:\/\/easyum.com\/fr\/wp-json\/wp\/v2\/pages"}],"about":[{"href":"https:\/\/easyum.com\/fr\/wp-json\/wp\/v2\/types\/page"}],"author":[{"embeddable":true,"href":"https:\/\/easyum.com\/fr\/wp-json\/wp\/v2\/users\/2"}],"replies":[{"embeddable":true,"href":"https:\/\/easyum.com\/fr\/wp-json\/wp\/v2\/comments?post=1750"}],"version-history":[{"count":48,"href":"https:\/\/easyum.com\/fr\/wp-json\/wp\/v2\/pages\/1750\/revisions"}],"predecessor-version":[{"id":2048,"href":"https:\/\/easyum.com\/fr\/wp-json\/wp\/v2\/pages\/1750\/revisions\/2048"}],"wp:attachment":[{"href":"https:\/\/easyum.com\/fr\/wp-json\/wp\/v2\/media?parent=1750"}],"curies":[{"name":"wp","href":"https:\/\/api.w.org\/{rel}","templated":true}]}}