{"id":1481,"date":"2025-04-19T13:07:24","date_gmt":"2025-04-19T17:07:24","guid":{"rendered":"https:\/\/easyum.com\/fr\/?page_id=1481"},"modified":"2025-08-14T17:36:55","modified_gmt":"2025-08-14T21:36:55","slug":"facilitation","status":"publish","type":"page","link":"https:\/\/easyum.com\/fr\/facilitation\/","title":{"rendered":"Facilitation"},"content":{"rendered":"\n<h2 class=\"wp-block-heading has-large-font-size\">Facilitation d&rsquo;ateliers<\/h2>\n\n\n\n<blockquote class=\"wp-block-quote is-layout-flow wp-block-quote-is-layout-flow\">\n<p>Vous \u00eates-vous d\u00e9j\u00e0 dit que vous devriez vous parler plus ?<\/p>\n<\/blockquote>\n\n\n\n<p>Nos facilitateurs vous aideront non seulement \u00e0 vous parler plus, mais aussi \u00e0 vous poser les bonnes questions !<\/p>\n\n\n\n<p>Que ce soit pour cr\u00e9er ensemble, identifier des options, collaborer, d\u00e9cider, ou am\u00e9liorer une pratique, vous pouvez compter sur nous pour vous aider \u00e0 atteindre vos objectifs. <\/p>\n\n\n\n<p>Voici quelques exemples d&rsquo;ateliers que nous pouvons pr\u00e9parer avec vous et faciliter  &#8230;<\/p>\n\n\n\n<div class=\"wp-block-columns is-layout-flex wp-container-core-columns-is-layout-9d6595d7 wp-block-columns-is-layout-flex\">\n<div class=\"wp-block-column is-layout-flow wp-block-column-is-layout-flow\" style=\"flex-basis:33.33%\">\n<h2 class=\"wp-block-heading\">Ateliers d&rsquo;\u00e9quipes<\/h2>\n<\/div>\n\n\n\n<div class=\"wp-block-column is-layout-flow wp-block-column-is-layout-flow\" style=\"flex-basis:66.66%\">\n<ul class=\"wp-block-list\">\n<li>compr\u00e9hension de r\u00f4les et responsabilit\u00e9s<\/li>\n\n\n\n<li>cr\u00e9ation d\u2019\u00e9quipe<\/li>\n\n\n\n<li>r\u00e9trospective<\/li>\n\n\n\n<li>user story mapping<\/li>\n\n\n\n<li>customer journey<\/li>\n\n\n\n<li>carte d&#8217;empathie<\/li>\n\n\n\n<li>feuille de route<\/li>\n\n\n\n<li>planification trimestrielle,&nbsp;<em>PI planning<\/em><\/li>\n\n\n\n<li>d\u00e9marrage de communaut\u00e9 de pratique<\/li>\n\n\n\n<li>sensibilisation \u00e0 la S\u00e9curit\u00e9<\/li>\n<\/ul>\n\n\n\n<div class=\"wp-block-buttons is-layout-flex wp-block-buttons-is-layout-flex\">\n<div class=\"wp-block-button is-style-fill\"><a class=\"wp-block-button__link has-background wp-element-button\" href=\"https:\/\/easyum.com\/fr\/contact\/\" style=\"background-color:#669933\">S&rsquo;en parler !<\/a><\/div>\n<\/div>\n<\/div>\n<\/div>\n\n\n\n<div class=\"wp-block-columns is-layout-flex wp-container-core-columns-is-layout-9d6595d7 wp-block-columns-is-layout-flex\">\n<div class=\"wp-block-column is-layout-flow wp-block-column-is-layout-flow\" style=\"flex-basis:33.33%\">\n<h2 class=\"wp-block-heading\">Ateliers de gestionnaires<\/h2>\n<\/div>\n\n\n\n<div class=\"wp-block-column is-layout-flow wp-block-column-is-layout-flow\" style=\"flex-basis:66.66%\">\n<ul class=\"wp-block-list\">\n<li>budg\u00e9tisation participative<\/li>\n\n\n\n<li>priorisation collaborative<\/li>\n\n\n\n<li>identification d\u2019\u00e9nonc\u00e9 de valeur, d\u2019hypoth\u00e8ses de b\u00e9n\u00e9fice et d\u2019indicateurs d\u2019initiative<\/li>\n\n\n\n<li>d\u00e9veloppement de vision strat\u00e9gique (Th\u00e8mes et objectifs, <em>SWOT<\/em>, <em>TOWS<\/em>, Carte postale)<\/li>\n\n\n\n<li>organisation de portefeuille, structuration avec un canevas<\/li>\n\n\n\n<li>d\u00e9veloppement de vision et de th\u00e8mes strat\u00e9giques<\/li>\n\n\n\n<li>d\u00e9termination d&rsquo;OKR (<em>Objective Key Results<\/em>)<\/li>\n\n\n\n<li>exploration de flux de valeur, optimisation de l\u2019organisation<\/li>\n\n\n\n<li>vision de produit<\/li>\n\n\n\n<li>\u00e9valuation de maturit\u00e9 dans diff\u00e9rents domaines de comp\u00e9tence lean agile<\/li>\n\n\n\n<li>identification de priorit\u00e9s d\u2019am\u00e9lioration<\/li>\n<\/ul>\n\n\n\n<div class=\"wp-block-buttons is-layout-flex wp-block-buttons-is-layout-flex\">\n<div class=\"wp-block-button is-style-fill\"><a class=\"wp-block-button__link has-background wp-element-button\" href=\"https:\/\/easyum.com\/fr\/contact\/\" style=\"background-color:#669933\">S&rsquo;en parler !<\/a><\/div>\n<\/div>\n<\/div>\n<\/div>\n\n\n\n<div class=\"wp-block-columns is-layout-flex wp-container-core-columns-is-layout-9d6595d7 wp-block-columns-is-layout-flex\">\n<div class=\"wp-block-column is-layout-flow wp-block-column-is-layout-flow\" style=\"flex-basis:33.33%\">\n<h2 class=\"wp-block-heading\">Ateliers de processus lean<\/h2>\n<\/div>\n\n\n\n<div class=\"wp-block-column is-layout-flow wp-block-column-is-layout-flow\" style=\"flex-basis:66.66%\">\n<ul class=\"wp-block-list\">\n<li>cartographie de processus,&nbsp;<em>value stream mapping<\/em><\/li>\n\n\n\n<li>Kaizen<\/li>\n\n\n\n<li>flux de travail, static Kanban<\/li>\n\n\n\n<li>recherche de cause racine et de solutions<\/li>\n<\/ul>\n\n\n\n<div class=\"wp-block-buttons is-layout-flex wp-block-buttons-is-layout-flex\">\n<div class=\"wp-block-button is-style-fill\"><a class=\"wp-block-button__link has-background wp-element-button\" href=\"https:\/\/easyum.com\/fr\/contact\/\" style=\"background-color:#669933\">S&rsquo;en parler !<\/a><\/div>\n<\/div>\n<\/div>\n<\/div>\n\n\n\n<div class=\"wp-block-group alignfull is-content-justification-center\" style=\"margin-top:0;margin-bottom:0;padding-top:calc( 0.5 * var(--wp--style--root--padding-right, var(--wp--custom--gap--horizontal)));padding-right:var(--wp--style--root--padding-right, var(--wp--custom--gap--horizontal));padding-bottom:calc( 0.5 * var(--wp--style--root--padding-right, var(--wp--custom--gap--horizontal)));padding-left:var(--wp--style--root--padding-left, var(--wp--custom--gap--horizontal))\"><div class=\"wp-block-group__inner-container is-layout-constrained wp-container-core-group-is-layout-b073b61b wp-block-group-is-layout-constrained\">\n<div style=\"height:calc( 0.25 * var(--wp--style--root--padding-right, var(--wp--custom--gap--horizontal)))\" aria-hidden=\"true\" class=\"wp-block-spacer\"><\/div>\n\n\n\n<div style=\"height:93px\" aria-hidden=\"true\" class=\"wp-block-spacer\"><\/div>\n\n\n\n<div class=\"wp-block-cover alignfull is-repeated has-custom-content-position is-position-bottom-left wp-duotone-unset-1\"><div class=\"wp-block-cover__image-background wp-image-1445 size-large is-repeated\" style=\"background-position:80% 21%;background-image:url(https:\/\/easyum.com\/fr\/wp-content\/uploads\/2025\/04\/cropped-image-scrum-master-1024x614.jpg)\"><\/div><span aria-hidden=\"true\" class=\"wp-block-cover__background has-background-dim-20 has-background-dim\"><\/span><div class=\"wp-block-cover__inner-container is-layout-flow wp-block-cover-is-layout-flow\">\n<h3 class=\"wp-block-heading\">Faites appel \u00e0 nos facilitateurs pour votre prochain atelier<\/h3>\n\n\n\n<div class=\"wp-block-buttons is-layout-flex wp-block-buttons-is-layout-flex\" style=\"margin-bottom:var(--wp--preset--spacing--40)\">\n<div class=\"wp-block-button\"><a class=\"wp-block-button__link has-luminous-vivid-orange-background-color has-background wp-element-button\" href=\"https:\/\/easyum.com\/fr\/produit\/banque-jours-services-professionnels\/\">Choisir votre banque de jours<\/a><\/div>\n<\/div>\n<\/div><\/div>\n\n\n\n<div style=\"height:calc( 0.25 * var(--wp--style--root--padding-right, var(--wp--custom--gap--horizontal)))\" aria-hidden=\"true\" class=\"wp-block-spacer\"><\/div>\n<\/div><\/div>\n\n\n\n<div style=\"height:93px\" aria-hidden=\"true\" class=\"wp-block-spacer\"><\/div>\n\n\n\n<div class=\"wp-block-columns is-layout-flex wp-container-core-columns-is-layout-9d6595d7 wp-block-columns-is-layout-flex\">\n<div class=\"wp-block-column is-layout-flow wp-block-column-is-layout-flow\" style=\"flex-basis:66.66%\">\n<h3 class=\"wp-block-heading has-medium-font-size\">L&rsquo;exp\u00e9rience de la facilitation au sein de grandes organisations<\/h3>\n<\/div>\n\n\n\n<div class=\"wp-block-column is-layout-flow wp-block-column-is-layout-flow\" style=\"flex-basis:33.33%\">\n<div class=\"wp-block-cb-carousel cb-single-slide\" data-slick=\"{&quot;slidesToShow&quot;:1,&quot;slidesToScroll&quot;:1,&quot;speed&quot;:300,&quot;arrows&quot;:false,&quot;dots&quot;:false,&quot;autoplay&quot;:true,&quot;autoplaySpeed&quot;:3000,&quot;infinite&quot;:true,&quot;responsive&quot;:[{&quot;breakpoint&quot;:769,&quot;settings&quot;:{&quot;slidesToShow&quot;:1,&quot;slidesToScroll&quot;:1}}]}\">\n<div class=\"wp-block-cb-slide\"><div class=\"wp-block-image\">\n<figure class=\"alignleft size-medium\"><img loading=\"lazy\" decoding=\"async\" width=\"300\" height=\"107\" src=\"https:\/\/easyum.com\/fr\/wp-content\/uploads\/2025\/04\/Beneva_rgb-300x107.png\" alt=\"\" class=\"wp-image-1549\" srcset=\"https:\/\/easyum.com\/fr\/wp-content\/uploads\/2025\/04\/Beneva_rgb-300x107.png 300w, https:\/\/easyum.com\/fr\/wp-content\/uploads\/2025\/04\/Beneva_rgb-1024x365.png 1024w, https:\/\/easyum.com\/fr\/wp-content\/uploads\/2025\/04\/Beneva_rgb-768x274.png 768w, https:\/\/easyum.com\/fr\/wp-content\/uploads\/2025\/04\/Beneva_rgb-1536x548.png 1536w, https:\/\/easyum.com\/fr\/wp-content\/uploads\/2025\/04\/Beneva_rgb-350x125.png 350w, https:\/\/easyum.com\/fr\/wp-content\/uploads\/2025\/04\/Beneva_rgb.png 1756w\" sizes=\"auto, (max-width: 300px) 100vw, 300px\" \/><\/figure>\n<\/div><\/div>\n\n\n\n<div class=\"wp-block-cb-slide\"><div class=\"wp-block-image is-style-default\">\n<figure class=\"alignleft size-full\"><img loading=\"lazy\" decoding=\"async\" width=\"119\" height=\"67\" src=\"https:\/\/easyum.com\/fr\/wp-content\/uploads\/2023\/01\/logoleno-1-edited-1.png\" alt=\"\" class=\"wp-image-1093\"\/><\/figure>\n<\/div><\/div>\n\n\n\n<div class=\"wp-block-cb-slide\"><div class=\"wp-block-image\">\n<figure class=\"alignleft size-full\"><img loading=\"lazy\" decoding=\"async\" width=\"119\" height=\"74\" src=\"https:\/\/easyum.com\/fr\/wp-content\/uploads\/2023\/01\/logovia-edited.png\" alt=\"\" class=\"wp-image-1088\"\/><\/figure>\n<\/div><\/div>\n\n\n\n<div class=\"wp-block-cb-slide\"><div class=\"wp-block-image\">\n<figure class=\"alignleft size-full is-resized\"><img loading=\"lazy\" decoding=\"async\" width=\"119\" height=\"120\" src=\"https:\/\/easyum.com\/fr\/wp-content\/uploads\/2023\/01\/logobrp.jpeg\" alt=\"\" class=\"wp-image-1085\" style=\"aspect-ratio:1;object-fit:contain;width:82px;height:auto\" srcset=\"https:\/\/easyum.com\/fr\/wp-content\/uploads\/2023\/01\/logobrp.jpeg 119w, https:\/\/easyum.com\/fr\/wp-content\/uploads\/2023\/01\/logobrp-100x100.jpeg 100w\" sizes=\"auto, (max-width: 119px) 100vw, 119px\" \/><\/figure>\n<\/div><\/div>\n\n\n\n<div class=\"wp-block-cb-slide\"><div class=\"wp-block-image\">\n<figure class=\"alignleft size-full\"><img loading=\"lazy\" decoding=\"async\" width=\"119\" height=\"42\" src=\"https:\/\/easyum.com\/fr\/wp-content\/uploads\/2023\/01\/logodgag.jpeg\" alt=\"\" class=\"wp-image-1065\"\/><\/figure>\n<\/div><\/div>\n\n\n\n<div class=\"wp-block-cb-slide\"><div class=\"wp-block-image\">\n<figure class=\"alignleft size-full is-resized\"><img loading=\"lazy\" decoding=\"async\" width=\"96\" height=\"128\" src=\"https:\/\/easyum.com\/fr\/wp-content\/uploads\/2023\/01\/logolq.png\" alt=\"\" class=\"wp-image-1064\" style=\"width:74px;height:auto\"\/><\/figure>\n<\/div><\/div>\n\n\n\n<div class=\"wp-block-cb-slide\"><div class=\"wp-block-image\">\n<figure class=\"alignleft size-full\"><img loading=\"lazy\" decoding=\"async\" width=\"119\" height=\"119\" src=\"https:\/\/easyum.com\/fr\/wp-content\/uploads\/2023\/01\/logopub.png\" alt=\"\" class=\"wp-image-1061\" srcset=\"https:\/\/easyum.com\/fr\/wp-content\/uploads\/2023\/01\/logopub.png 119w, https:\/\/easyum.com\/fr\/wp-content\/uploads\/2023\/01\/logopub-100x100.png 100w\" sizes=\"auto, (max-width: 119px) 100vw, 119px\" \/><\/figure>\n<\/div><\/div>\n\n\n\n<div class=\"wp-block-cb-slide\"><div class=\"wp-block-image\">\n<figure class=\"alignleft size-full\"><img loading=\"lazy\" decoding=\"async\" width=\"119\" height=\"78\" src=\"https:\/\/easyum.com\/fr\/wp-content\/uploads\/2023\/01\/logoiA-1.png\" alt=\"\" class=\"wp-image-1062\"\/><\/figure>\n<\/div><\/div>\n\n\n\n<div class=\"wp-block-cb-slide\"><div class=\"wp-block-image\">\n<figure class=\"alignleft size-full\"><img loading=\"lazy\" decoding=\"async\" width=\"119\" height=\"50\" src=\"https:\/\/easyum.com\/fr\/wp-content\/uploads\/2023\/01\/logosaintgo.png\" alt=\"\" class=\"wp-image-1060\" srcset=\"https:\/\/easyum.com\/fr\/wp-content\/uploads\/2023\/01\/logosaintgo.png 119w, https:\/\/easyum.com\/fr\/wp-content\/uploads\/2023\/01\/logosaintgo-116x50.png 116w\" sizes=\"auto, (max-width: 119px) 100vw, 119px\" \/><\/figure>\n<\/div><\/div>\n<\/div>\n<\/div>\n<\/div>\n\n\n\n<p><\/p>\n","protected":false},"excerpt":{"rendered":"<p>Facilitation d&rsquo;ateliers Vous \u00eates-vous d\u00e9j\u00e0 dit que vous devriez vous parler plus ? Nos facilitateurs vous aideront non seulement \u00e0 vous parler plus, mais aussi \u00e0 vous poser les bonnes questions ! Que ce soit pour cr\u00e9er ensemble, identifier des options, collaborer, d\u00e9cider, ou am\u00e9liorer une pratique, vous pouvez compter sur nous pour vous aider &hellip; <\/p>\n<p class=\"link-more\"><a href=\"https:\/\/easyum.com\/fr\/facilitation\/\" class=\"more-link\">Continuer la lecture<span class=\"screen-reader-text\"> de &laquo;&nbsp;Facilitation&nbsp;&raquo;<\/span><\/a><\/p>\n","protected":false},"author":2,"featured_media":0,"parent":0,"menu_order":0,"comment_status":"closed","ping_status":"closed","template":"","meta":{"footnotes":""},"class_list":["post-1481","page","type-page","status-publish","hentry"],"_links":{"self":[{"href":"https:\/\/easyum.com\/fr\/wp-json\/wp\/v2\/pages\/1481","targetHints":{"allow":["GET"]}}],"collection":[{"href":"https:\/\/easyum.com\/fr\/wp-json\/wp\/v2\/pages"}],"about":[{"href":"https:\/\/easyum.com\/fr\/wp-json\/wp\/v2\/types\/page"}],"author":[{"embeddable":true,"href":"https:\/\/easyum.com\/fr\/wp-json\/wp\/v2\/users\/2"}],"replies":[{"embeddable":true,"href":"https:\/\/easyum.com\/fr\/wp-json\/wp\/v2\/comments?post=1481"}],"version-history":[{"count":29,"href":"https:\/\/easyum.com\/fr\/wp-json\/wp\/v2\/pages\/1481\/revisions"}],"predecessor-version":[{"id":1894,"href":"https:\/\/easyum.com\/fr\/wp-json\/wp\/v2\/pages\/1481\/revisions\/1894"}],"wp:attachment":[{"href":"https:\/\/easyum.com\/fr\/wp-json\/wp\/v2\/media?parent=1481"}],"curies":[{"name":"wp","href":"https:\/\/api.w.org\/{rel}","templated":true}]}}