{"id":1468,"date":"2025-04-19T13:03:08","date_gmt":"2025-04-19T17:03:08","guid":{"rendered":"https:\/\/easyum.com\/fr\/?page_id=1468"},"modified":"2025-04-22T15:17:38","modified_gmt":"2025-04-22T19:17:38","slug":"conseil","status":"publish","type":"page","link":"https:\/\/easyum.com\/fr\/conseil\/","title":{"rendered":"Conseil"},"content":{"rendered":"\n<h2 class=\"wp-block-heading has-large-font-size\">Services conseil<\/h2>\n\n\n\n<p>Nous vous offrons un \u00e9ventail de&nbsp;services compl\u00e9mentaires, utilisant l\u2019expertise de nos conseillers et de notre r\u00e9seau de partenaires.<\/p>\n\n\n\n<p>Nos mandats ont un&nbsp;objectif&nbsp;clair, une dur\u00e9e circonscrite dans le&nbsp;temps, une&nbsp;visibilit\u00e9&nbsp;de l\u2019avancement, des&nbsp;r\u00e9sultats&nbsp;tangibles, et l\u2019ambition de d\u00e9velopper&nbsp;votre autonomie.<\/p>\n\n\n\n<p>Voici quelques exemples de ce que nous pouvons vous offrir &#8230;<\/p>\n\n\n\n<div class=\"wp-block-columns is-layout-flex wp-container-core-columns-is-layout-9d6595d7 wp-block-columns-is-layout-flex\">\n<div class=\"wp-block-column is-layout-flow wp-block-column-is-layout-flow\" style=\"flex-basis:33.33%\">\n<h2 class=\"wp-block-heading\">Accompagnement d&rsquo;\u00e9quipes de gestion<\/h2>\n<\/div>\n\n\n\n<div class=\"wp-block-column is-layout-flow wp-block-column-is-layout-flow\" style=\"flex-basis:66.66%\">\n<ul class=\"wp-block-list\">\n<li>transition de PMO vers VMO (<em>Value Management Office<\/em>)<\/li>\n\n\n\n<li>formation de gestionnaires et d\u2019ex\u00e9cutifs au&nbsp;<em>Lean Portfolio Management&nbsp;<\/em>(LPM), mise en place d\u2019\u00e9quipe LPM<\/li>\n\n\n\n<li>pratiques en gestion de portefeuille LPM : gouvernance dans la gestion de la demande, des investissements, des flux, et des op\u00e9rations<\/li>\n\n\n\n<li>tableaux de bord montrant la valeur<\/li>\n\n\n\n<li>RFI, RFP, choix de solutions digitales et de collaboration<\/li>\n\n\n\n<li>support au d\u00e9ploiement de solutions<\/li>\n\n\n\n<li>gestion du changement<\/li>\n<\/ul>\n\n\n\n<div class=\"wp-block-buttons is-layout-flex wp-block-buttons-is-layout-flex\">\n<div class=\"wp-block-button is-style-fill\"><a class=\"wp-block-button__link has-background wp-element-button\" href=\"https:\/\/easyum.com\/fr\/contact\/\" style=\"background-color:#669933\">S&rsquo;en parler !<\/a><\/div>\n<\/div>\n<\/div>\n<\/div>\n\n\n\n<div class=\"wp-block-columns is-layout-flex wp-container-core-columns-is-layout-9d6595d7 wp-block-columns-is-layout-flex\">\n<div class=\"wp-block-column is-layout-flow wp-block-column-is-layout-flow\" style=\"flex-basis:33.33%\">\n<h2 class=\"wp-block-heading\">Accompagnement d&rsquo;\u00e9quipes de d\u00e9veloppement<\/h2>\n<\/div>\n\n\n\n<div class=\"wp-block-column is-layout-flow wp-block-column-is-layout-flow\" style=\"flex-basis:66.66%\">\n<ul class=\"wp-block-list\">\n<li>r\u00e9organisation de travail d\u2019\u00e9quipe<\/li>\n\n\n\n<li>am\u00e9lioration de processus<\/li>\n\n\n\n<li>visualisation du travail avec Kanban<\/li>\n\n\n\n<li>revues pour voir l\u2019avancement et chercher du feedback<\/li>\n\n\n\n<li>gestion du changement avec l&rsquo;Intelligence Artificielle<\/li>\n<\/ul>\n\n\n\n<div class=\"wp-block-buttons is-layout-flex wp-block-buttons-is-layout-flex\">\n<div class=\"wp-block-button is-style-fill\"><a class=\"wp-block-button__link has-background wp-element-button\" href=\"https:\/\/easyum.com\/fr\/contact\/\" style=\"background-color:#669933\">S&rsquo;en parler !<\/a><\/div>\n<\/div>\n<\/div>\n<\/div>\n\n\n\n<div class=\"wp-block-columns is-layout-flex wp-container-core-columns-is-layout-9d6595d7 wp-block-columns-is-layout-flex\">\n<div class=\"wp-block-column is-layout-flow wp-block-column-is-layout-flow\" style=\"flex-basis:33.33%\">\n<h2 class=\"wp-block-heading\">Accompagnement personnalis\u00e9<\/h2>\n<\/div>\n\n\n\n<div class=\"wp-block-column is-layout-flow wp-block-column-is-layout-flow\" style=\"flex-basis:66.66%\">\n<ul class=\"wp-block-list\">\n<li>formation et coaching de RTE, Product Manager, Product Owner, Scrum Master, Architectes, Charg\u00e9s de portefeuille<\/li>\n\n\n\n<li>conseil ad-hoc aupr\u00e8s de gestionnaires<\/li>\n\n\n\n<li>d\u00e9marrage de trains SAFe\u00ae<\/li>\n<\/ul>\n\n\n\n<div class=\"wp-block-buttons is-layout-flex wp-block-buttons-is-layout-flex\">\n<div class=\"wp-block-button is-style-fill\"><a class=\"wp-block-button__link has-background wp-element-button\" href=\"https:\/\/easyum.com\/fr\/contact\/\" style=\"background-color:#669933\">S&rsquo;en parler !<\/a><\/div>\n<\/div>\n<\/div>\n<\/div>\n\n\n\n<div class=\"wp-block-columns is-layout-flex wp-container-core-columns-is-layout-9d6595d7 wp-block-columns-is-layout-flex\">\n<div class=\"wp-block-column is-layout-flow wp-block-column-is-layout-flow\" style=\"flex-basis:33.33%\">\n<h2 class=\"wp-block-heading\">Diagnostics<\/h2>\n<\/div>\n\n\n\n<div class=\"wp-block-column is-layout-flow wp-block-column-is-layout-flow\" style=\"flex-basis:66.66%\">\n<ul class=\"wp-block-list\">\n<li>agilit\u00e9 organisationnelle<\/li>\n\n\n\n<li>gestion lean de portefeuille (LPM)<\/li>\n\n\n\n<li>leadership et culture<\/li>\n\n\n\n<li>int\u00e9gration et livraison de solutions d&rsquo;envergure<\/li>\n\n\n\n<li>flux de d\u00e9veloppement de produits<\/li>\n\n\n\n<li>agilit\u00e9 d&rsquo;\u00e9quipe de d\u00e9veloppement<\/li>\n<\/ul>\n\n\n\n<div class=\"wp-block-buttons is-layout-flex wp-block-buttons-is-layout-flex\">\n<div class=\"wp-block-button is-style-fill\"><a class=\"wp-block-button__link has-background wp-element-button\" href=\"https:\/\/easyum.com\/fr\/contact\/\" style=\"background-color:#669933\">S&rsquo;en parler !<\/a><\/div>\n<\/div>\n<\/div>\n<\/div>\n\n\n\n<div style=\"height:93px\" aria-hidden=\"true\" class=\"wp-block-spacer\"><\/div>\n\n\n\n<div class=\"wp-block-group alignfull is-content-justification-center\" style=\"margin-top:0;margin-bottom:0;padding-top:calc( 0.5 * var(--wp--style--root--padding-right, var(--wp--custom--gap--horizontal)));padding-right:var(--wp--style--root--padding-right, var(--wp--custom--gap--horizontal));padding-bottom:calc( 0.5 * var(--wp--style--root--padding-right, var(--wp--custom--gap--horizontal)));padding-left:var(--wp--style--root--padding-left, var(--wp--custom--gap--horizontal))\"><div class=\"wp-block-group__inner-container is-layout-constrained wp-container-core-group-is-layout-b073b61b wp-block-group-is-layout-constrained\">\n<div style=\"height:calc( 0.25 * var(--wp--style--root--padding-right, var(--wp--custom--gap--horizontal)))\" aria-hidden=\"true\" class=\"wp-block-spacer\"><\/div>\n\n\n\n<div class=\"wp-block-cover alignfull is-repeated has-custom-content-position is-position-bottom-left\"><div class=\"wp-block-cover__image-background wp-image-1447 is-repeated\" style=\"background-position:47% 27%;background-image:url(https:\/\/easyum.com\/fr\/wp-content\/uploads\/2025\/04\/cropped-image-architecte.jpg)\"><\/div><span aria-hidden=\"true\" class=\"wp-block-cover__background has-background-dim-20 has-background-dim\"><\/span><div class=\"wp-block-cover__inner-container is-layout-flow wp-block-cover-is-layout-flow\">\n<h3 class=\"wp-block-heading\">Faites appel \u00e0 nos conseillers pour vous accompagner<\/h3>\n\n\n\n<div class=\"wp-block-buttons is-layout-flex wp-block-buttons-is-layout-flex\" style=\"margin-bottom:var(--wp--preset--spacing--40)\">\n<div class=\"wp-block-button\"><a class=\"wp-block-button__link has-luminous-vivid-orange-background-color has-background wp-element-button\" href=\"https:\/\/easyum.com\/fr\/produit\/banque-jours-services-professionnels\/\">Choisir votre banque de jours<\/a><\/div>\n<\/div>\n<\/div><\/div>\n\n\n\n<div style=\"height:calc( 0.25 * var(--wp--style--root--padding-right, var(--wp--custom--gap--horizontal)))\" aria-hidden=\"true\" class=\"wp-block-spacer\"><\/div>\n<\/div><\/div>\n\n\n\n<div style=\"height:93px\" aria-hidden=\"true\" class=\"wp-block-spacer\"><\/div>\n\n\n\n<div class=\"wp-block-columns is-layout-flex wp-container-core-columns-is-layout-9d6595d7 wp-block-columns-is-layout-flex\">\n<div class=\"wp-block-column is-vertically-aligned-top is-layout-flow wp-block-column-is-layout-flow\" style=\"flex-basis:66.66%\">\n<h3 class=\"wp-block-heading has-medium-font-size\">L&rsquo;exp\u00e9rience acquise en servant des leaders dans leurs domaines<\/h3>\n<\/div>\n\n\n\n<div class=\"wp-block-column is-vertically-aligned-center is-layout-flow wp-block-column-is-layout-flow\" style=\"flex-basis:33.33%\">\n<div class=\"wp-block-cb-carousel cb-single-slide\" data-slick=\"{&quot;slidesToShow&quot;:1,&quot;slidesToScroll&quot;:1,&quot;speed&quot;:300,&quot;arrows&quot;:false,&quot;dots&quot;:false,&quot;autoplay&quot;:true,&quot;autoplaySpeed&quot;:3000,&quot;infinite&quot;:true,&quot;responsive&quot;:[{&quot;breakpoint&quot;:769,&quot;settings&quot;:{&quot;slidesToShow&quot;:1,&quot;slidesToScroll&quot;:1}}]}\">\n<div class=\"wp-block-cb-slide\"><div class=\"wp-block-image\">\n<figure class=\"alignleft size-medium\"><img loading=\"lazy\" decoding=\"async\" width=\"300\" height=\"107\" src=\"https:\/\/easyum.com\/fr\/wp-content\/uploads\/2025\/04\/Beneva_rgb-300x107.png\" alt=\"\" class=\"wp-image-1549\" srcset=\"https:\/\/easyum.com\/fr\/wp-content\/uploads\/2025\/04\/Beneva_rgb-300x107.png 300w, https:\/\/easyum.com\/fr\/wp-content\/uploads\/2025\/04\/Beneva_rgb-1024x365.png 1024w, https:\/\/easyum.com\/fr\/wp-content\/uploads\/2025\/04\/Beneva_rgb-768x274.png 768w, https:\/\/easyum.com\/fr\/wp-content\/uploads\/2025\/04\/Beneva_rgb-1536x548.png 1536w, https:\/\/easyum.com\/fr\/wp-content\/uploads\/2025\/04\/Beneva_rgb-350x125.png 350w, https:\/\/easyum.com\/fr\/wp-content\/uploads\/2025\/04\/Beneva_rgb.png 1756w\" sizes=\"auto, (max-width: 300px) 100vw, 300px\" \/><\/figure>\n<\/div><\/div>\n\n\n\n<div class=\"wp-block-cb-slide\"><div class=\"wp-block-image is-style-default\">\n<figure class=\"alignleft size-full\"><img loading=\"lazy\" decoding=\"async\" width=\"119\" height=\"67\" src=\"https:\/\/easyum.com\/fr\/wp-content\/uploads\/2023\/01\/logoleno-1-edited-1.png\" alt=\"\" class=\"wp-image-1093\"\/><\/figure>\n<\/div><\/div>\n\n\n\n<div class=\"wp-block-cb-slide\"><div class=\"wp-block-image\">\n<figure class=\"alignleft size-full\"><img loading=\"lazy\" decoding=\"async\" width=\"119\" height=\"74\" src=\"https:\/\/easyum.com\/fr\/wp-content\/uploads\/2023\/01\/logovia-edited.png\" alt=\"\" class=\"wp-image-1088\"\/><\/figure>\n<\/div><\/div>\n\n\n\n<div class=\"wp-block-cb-slide\"><div class=\"wp-block-image\">\n<figure class=\"alignleft size-full is-resized\"><img loading=\"lazy\" decoding=\"async\" width=\"119\" height=\"120\" src=\"https:\/\/easyum.com\/fr\/wp-content\/uploads\/2023\/01\/logobrp.jpeg\" alt=\"\" class=\"wp-image-1085\" style=\"aspect-ratio:1;object-fit:contain;width:82px;height:auto\" srcset=\"https:\/\/easyum.com\/fr\/wp-content\/uploads\/2023\/01\/logobrp.jpeg 119w, https:\/\/easyum.com\/fr\/wp-content\/uploads\/2023\/01\/logobrp-100x100.jpeg 100w\" sizes=\"auto, (max-width: 119px) 100vw, 119px\" \/><\/figure>\n<\/div><\/div>\n\n\n\n<div class=\"wp-block-cb-slide\"><div class=\"wp-block-image\">\n<figure class=\"alignleft size-full\"><img loading=\"lazy\" decoding=\"async\" width=\"119\" height=\"42\" src=\"https:\/\/easyum.com\/fr\/wp-content\/uploads\/2023\/01\/logodgag.jpeg\" alt=\"\" class=\"wp-image-1065\"\/><\/figure>\n<\/div><\/div>\n\n\n\n<div class=\"wp-block-cb-slide\"><div class=\"wp-block-image\">\n<figure class=\"alignleft size-full is-resized\"><img loading=\"lazy\" decoding=\"async\" width=\"96\" height=\"128\" src=\"https:\/\/easyum.com\/fr\/wp-content\/uploads\/2023\/01\/logolq.png\" alt=\"\" class=\"wp-image-1064\" style=\"width:74px;height:auto\"\/><\/figure>\n<\/div><\/div>\n\n\n\n<div class=\"wp-block-cb-slide\"><div class=\"wp-block-image\">\n<figure class=\"alignleft size-full\"><img loading=\"lazy\" decoding=\"async\" width=\"119\" height=\"119\" src=\"https:\/\/easyum.com\/fr\/wp-content\/uploads\/2023\/01\/logopub.png\" alt=\"\" class=\"wp-image-1061\" srcset=\"https:\/\/easyum.com\/fr\/wp-content\/uploads\/2023\/01\/logopub.png 119w, https:\/\/easyum.com\/fr\/wp-content\/uploads\/2023\/01\/logopub-100x100.png 100w\" sizes=\"auto, (max-width: 119px) 100vw, 119px\" \/><\/figure>\n<\/div><\/div>\n\n\n\n<div class=\"wp-block-cb-slide\"><div class=\"wp-block-image\">\n<figure class=\"alignleft size-full\"><img loading=\"lazy\" decoding=\"async\" width=\"119\" height=\"78\" src=\"https:\/\/easyum.com\/fr\/wp-content\/uploads\/2023\/01\/logoiA-1.png\" alt=\"\" class=\"wp-image-1062\"\/><\/figure>\n<\/div><\/div>\n\n\n\n<div class=\"wp-block-cb-slide\"><div class=\"wp-block-image\">\n<figure class=\"alignleft size-full\"><img loading=\"lazy\" decoding=\"async\" width=\"119\" height=\"50\" src=\"https:\/\/easyum.com\/fr\/wp-content\/uploads\/2023\/01\/logosaintgo.png\" alt=\"\" class=\"wp-image-1060\" srcset=\"https:\/\/easyum.com\/fr\/wp-content\/uploads\/2023\/01\/logosaintgo.png 119w, https:\/\/easyum.com\/fr\/wp-content\/uploads\/2023\/01\/logosaintgo-116x50.png 116w\" sizes=\"auto, (max-width: 119px) 100vw, 119px\" \/><\/figure>\n<\/div><\/div>\n<\/div>\n<\/div>\n<\/div>\n\n\n\n<p><\/p>\n","protected":false},"excerpt":{"rendered":"<p>Services conseil Nous vous offrons un \u00e9ventail de&nbsp;services compl\u00e9mentaires, utilisant l\u2019expertise de nos conseillers et de notre r\u00e9seau de partenaires. Nos mandats ont un&nbsp;objectif&nbsp;clair, une dur\u00e9e circonscrite dans le&nbsp;temps, une&nbsp;visibilit\u00e9&nbsp;de l\u2019avancement, des&nbsp;r\u00e9sultats&nbsp;tangibles, et l\u2019ambition de d\u00e9velopper&nbsp;votre autonomie. Voici quelques exemples de ce que nous pouvons vous offrir &#8230; Accompagnement d&rsquo;\u00e9quipes de gestion Accompagnement d&rsquo;\u00e9quipes de &hellip; <\/p>\n<p class=\"link-more\"><a href=\"https:\/\/easyum.com\/fr\/conseil\/\" class=\"more-link\">Continuer la lecture<span class=\"screen-reader-text\"> de &laquo;&nbsp;Conseil&nbsp;&raquo;<\/span><\/a><\/p>\n","protected":false},"author":2,"featured_media":0,"parent":0,"menu_order":0,"comment_status":"closed","ping_status":"closed","template":"","meta":{"footnotes":""},"class_list":["post-1468","page","type-page","status-publish","hentry"],"_links":{"self":[{"href":"https:\/\/easyum.com\/fr\/wp-json\/wp\/v2\/pages\/1468","targetHints":{"allow":["GET"]}}],"collection":[{"href":"https:\/\/easyum.com\/fr\/wp-json\/wp\/v2\/pages"}],"about":[{"href":"https:\/\/easyum.com\/fr\/wp-json\/wp\/v2\/types\/page"}],"author":[{"embeddable":true,"href":"https:\/\/easyum.com\/fr\/wp-json\/wp\/v2\/users\/2"}],"replies":[{"embeddable":true,"href":"https:\/\/easyum.com\/fr\/wp-json\/wp\/v2\/comments?post=1468"}],"version-history":[{"count":49,"href":"https:\/\/easyum.com\/fr\/wp-json\/wp\/v2\/pages\/1468\/revisions"}],"predecessor-version":[{"id":1712,"href":"https:\/\/easyum.com\/fr\/wp-json\/wp\/v2\/pages\/1468\/revisions\/1712"}],"wp:attachment":[{"href":"https:\/\/easyum.com\/fr\/wp-json\/wp\/v2\/media?parent=1468"}],"curies":[{"name":"wp","href":"https:\/\/api.w.org\/{rel}","templated":true}]}}